{"id":782,"date":"2023-09-29T12:27:05","date_gmt":"2023-09-29T10:27:05","guid":{"rendered":"https:\/\/work-in.com.pl\/?page_id=782"},"modified":"2024-05-06T09:29:44","modified_gmt":"2024-05-06T07:29:44","slug":"koszalin","status":"publish","type":"page","link":"https:\/\/work-in.com.pl\/en\/pracownicy-z-ukrainy\/koszalin\/","title":{"rendered":"Pracownicy z Ukrainy &#8211; Bydgoszcz"},"content":{"rendered":"<p><\/p>\n<h2 data-pm-slice=\"1 1 []\">Agencja zatrudnienia fachowc\u00f3w z Ukrainy Bydgoszcz &#8211; czego mo\u017cesz si\u0119 po nas spodziewa\u0107?<\/h2>\n<p>Chcesz zatrudni\u0107 pracownik\u00f3w z Ukrainy w Bydgoszczy? Nic dziwnego!<\/p>\n<p>Wahania rynku pracy i dynamiczny rozw\u00f3j polskiej gospodarki na przestrzeni ostatnich lat da\u0142 nam wszystkim sygna\u0142 do nieuchronnych zmian: du\u017ca rotacja pracownik\u00f3w, nap\u0142yw cudzoziemc\u00f3w zainteresowanych prac\u0105 tymczasow\u0105 w Polsce, zmiany wynagrodzeniowe i wzrost popularno\u015bci wobec obszaru, jakim jest zatrudnienie obcokrajowc\u00f3w to tylko niekt\u00f3re z jej skutk\u00f3w. Ju\u017c od dawna sta\u0142o si\u0119 jasne, \u017ce polskie firmy maj\u0105 potrzeby zatrudnia\u0107 pracownik\u00f3w ze wschodnich rynk\u00f3w pracy.<\/p>\n<p>Wiedz\u0105c o tym, zdecydowali\u015bmy si\u0119 upro\u015bci\u0107 proces rekrutacyjny pracownika w naszej firmie do minimum i zadba\u0107 o najwy\u017csz\u0105 jako\u015b\u0107 proces\u00f3w kwalifikacji pracownik\u00f3w. Dzi\u0119ki temu mamy pewno\u015b\u0107, \u017ce po latach stara\u0144 mo\u017cemy zapewnia\u0107 naszym Klientom wy\u0142\u0105cznie najlepszych pracownik\u00f3w, jak to tylko mo\u017cliwe.<\/p>\n<p>Nasza agencja pracy tymczasowej pomo\u017ce Pa\u0144stwu nie tylko w rekrutacji pracownik\u00f3w, ale i dope\u0142nieniu niezb\u0119dnych formalno\u015bci zwi\u0105zanych z zatrudnieniem na ka\u017cdej mo\u017cliwej p\u0142aszczy\u017anie tej dziedziny. Zajmiemy si\u0119 poszukiwaniem odpowiednich kandydat\u00f3w poszukuj\u0105cych pracy, we\u017amiemy odpowiedzialno\u015b\u0107 za ich zakwaterowanie oraz badania, a tak\u017ce zapewnimy Pa\u0144stwu pe\u0142ne wsparcie i pomoc dedykowanego opiekuna ds. rekrutacji pracownik\u00f3w. Skontaktuj si\u0119 z nami i sprawd\u017a sam!<\/p>\n<p>Oferujesz zatrudnienie tymczasowe? Doskonale! Reszt\u0119 zostaw nam! Jako jedna z nielicznych agencji pracy w Bydgoszczy oferujemy kompleksowe us\u0142ugi rekrutacyjne w oparciu o nowoczesne metody:<\/p>\n<ul>\n<li>znajdziemy idealnych pracownik\u00f3w &#8211; pomo\u017cemy w wyselekcjonowaniu najlepszych kandydat\u00f3w i przeprowadzimy rekrutacj\u0119 pracownik\u00f3w w oparciu o Twoje \u015bci\u015ble okre\u015blone oczekiwania<\/li>\n<li>zapewnimy legalno\u015b\u0107 zatrudnienia pracownika &#8211; przecie\u017c znalezienie odpowiedniego pracownika to nie wszystko!<\/li>\n<li>odci\u0105\u017cymy pracownik\u00f3w przedsi\u0119biorstwa &#8211; nasze kompleksowe us\u0142ugi rekrutacyjne pozwalaj\u0105 na prowadzenie dzia\u0142a\u0144 w zakresie po\u015brednictwa pracy bez konieczno\u015bci anga\u017cowania do tego Twoich pracownik\u00f3w!<\/li>\n<\/ul>\n<h3>Pracownicy z Ukrainy Bydgoszcz &#8211; dlaczego warto rekrutowa\u0107 pracownik\u00f3w we wsp\u00f3\u0142pracy z agencj\u0105 zatrudnienia?<\/h3>\n<p>Nasza agencja po\u015brednictwa pracy dzia\u0142a w obszarze zatrudnienia pracownik\u00f3w tymczasowych zar\u00f3wno na terenie Bydgoszczy, jak i innych miast Polski. Zastanawiasz si\u0119, czy warto zatrudni\u0107 pracownik\u00f3w z Ukrainy do swojej firmy? Zdecydowanie tak!<\/p>\n<ul>\n<li>Mamy bazy pracownik\u00f3w o ogromnych mo\u017cliwo\u015bciach &#8211; dzi\u0119ki temu nasze biuro pracy zatrudnia pracownik\u00f3w w dowolnych ilo\u015bciach<\/li>\n<li>Nasze kompleksowe us\u0142ugi rekrutacyjne obejmuj\u0105 korzystanie z nowoczesnych narz\u0119dzi (konkretna oferta pracy przeznaczona dla okre\u015blonych typ\u00f3w pracownik\u00f3w tymczasowych kierowana jest dok\u0142adnie do tych os\u00f3b, do kt\u00f3rych powinna)<\/li>\n<li>Agencja pracy zatrudnia zar\u00f3wno pracownik\u00f3w krajowych, jak i zagranicznych, kt\u00f3rych w Bydgoszczy zatrudnia si\u0119 w ostatnich latach coraz wi\u0119cej.<\/li>\n<li>W Polsce brakuje pracownik\u00f3w wielu bran\u017c &#8211; dzi\u0119ki dost\u0119powi do jednej z najokazalszych baz pracownik\u00f3w spo\u015br\u00f3d agencji pracy pomo\u017cemy Ci znale\u017a\u0107 wyspecjalizowanych fachowc\u00f3w (np. <a href=\"https:\/\/work-in.com.pl\/zatrudnienie-lekarza-z-ukrainy\/\">lekarzy<\/a> i <a href=\"https:\/\/work-in.com.pl\/programisci-z-ukrainy\/\">programist\u00f3w z Ukrainy<\/a>), jak i <a href=\"https:\/\/work-in.com.pl\/pracownicy-z-ukrainy\/sezonowi\/\">pracownik\u00f3w sezonowych<\/a> oraz <a href=\"https:\/\/work-in.com.pl\/pracownicy-z-ukrainy\/fizyczni\/\">fizycznych<\/a>.<\/li>\n<li>Wszystkie formalno\u015bci zwi\u0105zane z udost\u0119pnieniem oferty pracy, zatrudnieniem os\u00f3b poszukuj\u0105cych pracy i rozliczeniem niezb\u0119dnych \u015bwiadcze\u0144 bierzemy na siebie!<\/li>\n<\/ul>\n<p>Samodzielne wyszukiwanie najlepszych os\u00f3b poszukuj\u0105cych pracy tymczasowej mo\u017ce stanowi\u0107 nie lada wyzwanie: poszukiwania pracownik\u00f3w spe\u0142niaj\u0105cych okre\u015blone z g\u00f3ry oczekiwania zajmuj\u0105 wiele czasu i nie zawsze okazuj\u0105 si\u0119 skuteczne. W Workin dysponujemy jedn\u0105 z najwi\u0119kszych spo\u015br\u00f3d agencji w Bydgoszczy baz\u0105 wykwalifikowanych pracownik\u00f3w gotowych do podj\u0119cia zatrudnienia od zaraz. Dzi\u0119ki nowoczesnym metodom selekcji ofert pracy znalezienie odpowiednich kandydat\u00f3w to nic trudnego!<\/p>\n<p>W swojej pracy staramy si\u0119 d\u0105\u017cy\u0107 do obni\u017cenia koszt\u00f3w zatrudnienia pracownik\u00f3w &#8211; wsp\u00f3\u0142praca z nami to nie tylko minimum formalno\u015bci, ale i niemal brak koszt\u00f3w rekrutacji w stosunku do zalet, jakich do\u015bwiadcza Twoja firma.<\/p>\n<h3>Agencja pracy tymczasowej Workin &#8211; postaw na sprawdzony zesp\u00f3\u0142!<\/h3>\n<p>Pozyskiwaniu pracownik\u00f3w zar\u00f3wno z obszar\u00f3w Polski, jak i innych pa\u0144stw do pracy w Twojej firmie powinna towarzyszy\u0107 nie tylko ch\u0142odna kalkulacja. W Workin dostarczamy najlepszych kandydat\u00f3w w oparciu o jej charakter, realne potrzeby, dane rynkowe oraz pasj\u0119, kt\u00f3ra pozwala nam stale poszerza\u0107 nasz\u0105 wiedz\u0119 w zakresie po\u015brednictwa pracy. Wiedz\u0119, kt\u00f3r\u0105 ch\u0119tnie dzielimy si\u0119 nast\u0119pnie z Wami! Dobierzemy odpowiednich pracownik\u00f3w do Twojego biznesu tak szybko, jak to tylko mo\u017cliwe, bez uszczerbku na jako\u015bci naszych us\u0142ug. Opowiedz nam o swoich oczekiwaniach i pozw\u00f3l nam zaj\u0105\u0107 si\u0119 reszt\u0105! Uzyskaj dost\u0119p do najwi\u0119kszych baz pracownik\u00f3w i patrz, jak Tw\u00f3j biznes ro\u015bnie w si\u0142\u0119!<\/p>\n<p>Sprawd\u017a r\u00f3wnie\u017c, w jakich jeszcze miastach dzia\u0142amy:<\/p>\n<ul>\n<li><a href=\"https:\/\/work-in.com.pl\/pracownicy-z-ukrainy\/gdansk\/\">Pracownicy z Ukrainy Gda\u0144sk<\/a><\/li>\n<li><a href=\"https:\/\/work-in.com.pl\/pracownicy-z-ukrainy\/krakow\/\">Pracownicy z Ukrainy Krak\u00f3w\u00a0<\/a><\/li>\n<li><a href=\"https:\/\/work-in.com.pl\/pracownicy-z-ukrainy\/wroclaw\/\">Pracownicy z Ukrainy Wroc\u0142aw\u00a0<\/a><\/li>\n<\/ul>\n<p><\/p>","protected":false},"excerpt":{"rendered":"<p>Agencja zatrudnienia fachowc\u00f3w z Ukrainy Bydgoszcz &#8211; czego mo\u017cesz si\u0119 po nas spodziewa\u0107? Chcesz zatrudni\u0107 pracownik\u00f3w z Ukrainy w Bydgoszczy? Nic dziwnego! Wahania rynku pracy i dynamiczny rozw\u00f3j polskiej gospodarki na przestrzeni ostatnich lat da\u0142 nam wszystkim sygna\u0142 do nieuchronnych zmian: du\u017ca rotacja pracownik\u00f3w, nap\u0142yw cudzoziemc\u00f3w zainteresowanych prac\u0105 tymczasow\u0105 w Polsce, zmiany wynagrodzeniowe i wzrost [&hellip;]<\/p>\n","protected":false},"author":1,"featured_media":0,"parent":236,"menu_order":0,"comment_status":"closed","ping_status":"closed","template":"template\/contact.php","meta":{"footnotes":""},"acf":[],"yoast_head":"<!-- This site is optimized with the Yoast SEO plugin v21.9.1 - https:\/\/yoast.com\/wordpress\/plugins\/seo\/ -->\n<title>Pracownicy z Ukrainy - Bydgoszcz - Agencja Pracy Work IN<\/title>\n<meta name=\"description\" content=\"Zapewniamy leasing pracownik\u00f3w z Ukrainy w Koszalinie. Specjalizujemy si\u0119 w elastycznym zatrudnieniu i dopracowanych procesach selekcji. Pozyskaj najlepszych pracownik\u00f3w szybko i skutecznie!\" \/>\n<meta name=\"robots\" content=\"index, follow, max-snippet:-1, max-image-preview:large, max-video-preview:-1\" \/>\n<link rel=\"canonical\" href=\"https:\/\/work-in.com.pl\/en\/pracownicy-z-ukrainy\/koszalin\/\" \/>\n<meta property=\"og:locale\" content=\"en_US\" \/>\n<meta property=\"og:type\" content=\"article\" \/>\n<meta property=\"og:title\" content=\"Pracownicy z Ukrainy - Bydgoszcz - Agencja Pracy Work IN\" \/>\n<meta property=\"og:description\" content=\"Zapewniamy leasing pracownik\u00f3w z Ukrainy w Koszalinie. Specjalizujemy si\u0119 w elastycznym zatrudnieniu i dopracowanych procesach selekcji. Pozyskaj najlepszych pracownik\u00f3w szybko i skutecznie!\" \/>\n<meta property=\"og:url\" content=\"https:\/\/work-in.com.pl\/en\/pracownicy-z-ukrainy\/koszalin\/\" \/>\n<meta property=\"og:site_name\" content=\"krk-group\" \/>\n<meta property=\"article:modified_time\" content=\"2024-05-06T07:29:44+00:00\" \/>\n<meta name=\"twitter:card\" content=\"summary_large_image\" \/>\n<meta name=\"twitter:label1\" content=\"Est. reading time\" \/>\n\t<meta name=\"twitter:data1\" content=\"3 minutes\" \/>\n<script type=\"application\/ld+json\" class=\"yoast-schema-graph\">{\"@context\":\"https:\/\/schema.org\",\"@graph\":[{\"@type\":\"WebPage\",\"@id\":\"https:\/\/work-in.com.pl\/en\/pracownicy-z-ukrainy\/koszalin\/\",\"url\":\"https:\/\/work-in.com.pl\/en\/pracownicy-z-ukrainy\/koszalin\/\",\"name\":\"Pracownicy z Ukrainy - Bydgoszcz - Agencja Pracy Work IN\",\"isPartOf\":{\"@id\":\"https:\/\/work-in.com.pl\/en\/#website\"},\"datePublished\":\"2023-09-29T10:27:05+00:00\",\"dateModified\":\"2024-05-06T07:29:44+00:00\",\"description\":\"Zapewniamy leasing pracownik\u00f3w z Ukrainy w Koszalinie. Specjalizujemy si\u0119 w elastycznym zatrudnieniu i dopracowanych procesach selekcji. Pozyskaj najlepszych pracownik\u00f3w szybko i skutecznie!\",\"breadcrumb\":{\"@id\":\"https:\/\/work-in.com.pl\/en\/pracownicy-z-ukrainy\/koszalin\/#breadcrumb\"},\"inLanguage\":\"en-US\",\"potentialAction\":[{\"@type\":\"ReadAction\",\"target\":[[\"https:\/\/work-in.com.pl\/en\/pracownicy-z-ukrainy\/koszalin\/\"]]}]},{\"@type\":\"BreadcrumbList\",\"@id\":\"https:\/\/work-in.com.pl\/en\/pracownicy-z-ukrainy\/koszalin\/#breadcrumb\",\"itemListElement\":[{\"@type\":\"ListItem\",\"position\":1,\"name\":\"\u0413\u043b\u0430\u0432\u043d\u0430\u044f \u0441\u0442\u0440\u0430\u043d\u0438\u0446\u0430\",\"item\":\"https:\/\/work-in.com.pl\/en\/\"},{\"@type\":\"ListItem\",\"position\":2,\"name\":\"Pracownicy z Ukrainy \u2013 organiczna cz\u0119\u015b\u0107 wsp\u00f3\u0142czesnej polskiej firmy\",\"item\":\"https:\/\/work-in.com.pl\/en\/pracownicy-z-ukrainy\/\"},{\"@type\":\"ListItem\",\"position\":3,\"name\":\"Pracownicy z Ukrainy &#8211; Koszalin\"}]},{\"@type\":\"WebSite\",\"@id\":\"https:\/\/work-in.com.pl\/en\/#website\",\"url\":\"https:\/\/work-in.com.pl\/en\/\",\"name\":\"krk-group\",\"description\":\"Kolejna witryna\",\"publisher\":{\"@id\":\"https:\/\/work-in.com.pl\/en\/#organization\"},\"potentialAction\":[{\"@type\":\"SearchAction\",\"target\":{\"@type\":\"EntryPoint\",\"urlTemplate\":\"https:\/\/work-in.com.pl\/en\/?s={search_term_string}\"},\"query-input\":\"required name=search_term_string\"}],\"inLanguage\":\"en-US\"},{\"@type\":\"Organization\",\"@id\":\"https:\/\/work-in.com.pl\/en\/#organization\",\"name\":\"krk-group\",\"url\":\"https:\/\/work-in.com.pl\/en\/\",\"logo\":{\"@type\":\"ImageObject\",\"inLanguage\":\"en-US\",\"@id\":\"https:\/\/work-in.com.pl\/en\/#\/schema\/logo\/image\/\",\"url\":\"https:\/\/work-in.com.pl\/wp-content\/uploads\/2019\/05\/Workinn-1.svg\",\"contentUrl\":\"https:\/\/work-in.com.pl\/wp-content\/uploads\/2019\/05\/Workinn-1.svg\",\"width\":90,\"height\":19,\"caption\":\"krk-group\"},\"image\":{\"@id\":\"https:\/\/work-in.com.pl\/en\/#\/schema\/logo\/image\/\"}}]}<\/script>\n<!-- \/ Yoast SEO plugin. -->","yoast_head_json":{"title":"Pracownicy z Ukrainy - Bydgoszcz - Agencja Pracy Work IN","description":"Zapewniamy leasing pracownik\u00f3w z Ukrainy w Koszalinie. Specjalizujemy si\u0119 w elastycznym zatrudnieniu i dopracowanych procesach selekcji. Pozyskaj najlepszych pracownik\u00f3w szybko i skutecznie!","robots":{"index":"index","follow":"follow","max-snippet":"max-snippet:-1","max-image-preview":"max-image-preview:large","max-video-preview":"max-video-preview:-1"},"canonical":"https:\/\/work-in.com.pl\/en\/pracownicy-z-ukrainy\/koszalin\/","og_locale":"en_US","og_type":"article","og_title":"Pracownicy z Ukrainy - Bydgoszcz - Agencja Pracy Work IN","og_description":"Zapewniamy leasing pracownik\u00f3w z Ukrainy w Koszalinie. Specjalizujemy si\u0119 w elastycznym zatrudnieniu i dopracowanych procesach selekcji. Pozyskaj najlepszych pracownik\u00f3w szybko i skutecznie!","og_url":"https:\/\/work-in.com.pl\/en\/pracownicy-z-ukrainy\/koszalin\/","og_site_name":"krk-group","article_modified_time":"2024-05-06T07:29:44+00:00","twitter_card":"summary_large_image","twitter_misc":{"Est. reading time":"3 minutes"},"schema":{"@context":"https:\/\/schema.org","@graph":[{"@type":"WebPage","@id":"https:\/\/work-in.com.pl\/en\/pracownicy-z-ukrainy\/koszalin\/","url":"https:\/\/work-in.com.pl\/en\/pracownicy-z-ukrainy\/koszalin\/","name":"Pracownicy z Ukrainy - Bydgoszcz - Agencja Pracy Work IN","isPartOf":{"@id":"https:\/\/work-in.com.pl\/en\/#website"},"datePublished":"2023-09-29T10:27:05+00:00","dateModified":"2024-05-06T07:29:44+00:00","description":"Zapewniamy leasing pracownik\u00f3w z Ukrainy w Koszalinie. Specjalizujemy si\u0119 w elastycznym zatrudnieniu i dopracowanych procesach selekcji. Pozyskaj najlepszych pracownik\u00f3w szybko i skutecznie!","breadcrumb":{"@id":"https:\/\/work-in.com.pl\/en\/pracownicy-z-ukrainy\/koszalin\/#breadcrumb"},"inLanguage":"en-US","potentialAction":[{"@type":"ReadAction","target":[["https:\/\/work-in.com.pl\/en\/pracownicy-z-ukrainy\/koszalin\/"]]}]},{"@type":"BreadcrumbList","@id":"https:\/\/work-in.com.pl\/en\/pracownicy-z-ukrainy\/koszalin\/#breadcrumb","itemListElement":[{"@type":"ListItem","position":1,"name":"\u0413\u043b\u0430\u0432\u043d\u0430\u044f \u0441\u0442\u0440\u0430\u043d\u0438\u0446\u0430","item":"https:\/\/work-in.com.pl\/en\/"},{"@type":"ListItem","position":2,"name":"Pracownicy z Ukrainy \u2013 organiczna cz\u0119\u015b\u0107 wsp\u00f3\u0142czesnej polskiej firmy","item":"https:\/\/work-in.com.pl\/en\/pracownicy-z-ukrainy\/"},{"@type":"ListItem","position":3,"name":"Pracownicy z Ukrainy &#8211; Koszalin"}]},{"@type":"WebSite","@id":"https:\/\/work-in.com.pl\/en\/#website","url":"https:\/\/work-in.com.pl\/en\/","name":"krk-group","description":"Kolejna witryna","publisher":{"@id":"https:\/\/work-in.com.pl\/en\/#organization"},"potentialAction":[{"@type":"SearchAction","target":{"@type":"EntryPoint","urlTemplate":"https:\/\/work-in.com.pl\/en\/?s={search_term_string}"},"query-input":"required name=search_term_string"}],"inLanguage":"en-US"},{"@type":"Organization","@id":"https:\/\/work-in.com.pl\/en\/#organization","name":"krk-group","url":"https:\/\/work-in.com.pl\/en\/","logo":{"@type":"ImageObject","inLanguage":"en-US","@id":"https:\/\/work-in.com.pl\/en\/#\/schema\/logo\/image\/","url":"https:\/\/work-in.com.pl\/wp-content\/uploads\/2019\/05\/Workinn-1.svg","contentUrl":"https:\/\/work-in.com.pl\/wp-content\/uploads\/2019\/05\/Workinn-1.svg","width":90,"height":19,"caption":"krk-group"},"image":{"@id":"https:\/\/work-in.com.pl\/en\/#\/schema\/logo\/image\/"}}]}},"_links":{"self":[{"href":"https:\/\/work-in.com.pl\/en\/wp-json\/wp\/v2\/pages\/782"}],"collection":[{"href":"https:\/\/work-in.com.pl\/en\/wp-json\/wp\/v2\/pages"}],"about":[{"href":"https:\/\/work-in.com.pl\/en\/wp-json\/wp\/v2\/types\/page"}],"author":[{"embeddable":true,"href":"https:\/\/work-in.com.pl\/en\/wp-json\/wp\/v2\/users\/1"}],"replies":[{"embeddable":true,"href":"https:\/\/work-in.com.pl\/en\/wp-json\/wp\/v2\/comments?post=782"}],"version-history":[{"count":2,"href":"https:\/\/work-in.com.pl\/en\/wp-json\/wp\/v2\/pages\/782\/revisions"}],"predecessor-version":[{"id":833,"href":"https:\/\/work-in.com.pl\/en\/wp-json\/wp\/v2\/pages\/782\/revisions\/833"}],"up":[{"embeddable":true,"href":"https:\/\/work-in.com.pl\/en\/wp-json\/wp\/v2\/pages\/236"}],"wp:attachment":[{"href":"https:\/\/work-in.com.pl\/en\/wp-json\/wp\/v2\/media?parent=782"}],"curies":[{"name":"wp","href":"https:\/\/api.w.org\/{rel}","templated":true}]}}