{"id":573,"date":"2023-06-22T09:25:59","date_gmt":"2023-06-22T07:25:59","guid":{"rendered":"https:\/\/work-in.com.pl\/?page_id=573"},"modified":"2024-05-06T09:36:34","modified_gmt":"2024-05-06T07:36:34","slug":"poznan","status":"publish","type":"page","link":"https:\/\/work-in.com.pl\/en\/pracownicy-z-ukrainy\/poznan\/","title":{"rendered":"Pracownicy z Ukrainy &#8211; Pozna\u0144"},"content":{"rendered":"<p><\/p>\n<h2 data-pm-slice=\"1 1 []\">Pracownicy z Ukrainy Pozna\u0144 &#8211; spos\u00f3b na szybki rozw\u00f3j firmy w trzech krokach<\/h2>\n<p>Nasza agencja zatrudnienia Ukrai\u0144c\u00f3w i innych pracownik\u00f3w tymczasowych z r\u00f3\u017cnych zak\u0105tk\u00f3w \u015bwiata dzia\u0142a w zakresie rekrutacji pracownik\u00f3w od lat. Zd\u0105\u017cyli\u015bmy na w\u0142asnej sk\u00f3rze dotkn\u0105\u0107 reali\u00f3w rynkowych oraz zmienno\u015bci trend\u00f3w nie tylko w Polsce, ale i w ca\u0142ej Europie; w obszarze zatrudnienia pracownik\u00f3w stali\u015bmy si\u0119 prawdziwymi ekspertami! Nasza praca nie sprowadza si\u0119 jednak tylko do rekrutacji os\u00f3b poszukuj\u0105cych zatrudnienia. Stale badamy rekrutacyjne zale\u017cno\u015bci rynkowe oraz prawne i trzymamy r\u0119k\u0119 na pulsie, aby m\u00f3c dzieli\u0107 si\u0119 z naszymi Klientami sprawdzon\u0105, \u017ar\u00f3d\u0142ow\u0105 wiedz\u0105 i m\u00f3c m\u0105drze ogranicza\u0107 ich zb\u0119dne koszty.<\/p>\n<p>Sprawd\u017a, jak w trzech krokach pomagamy firmom w ich rozwoju!<\/p>\n<h2>Krok I &#8211; poznaj swoje mo\u017cliwo\u015bci, czyli o tym, jak agencja pracy tymczasowej mo\u017ce zmieni\u0107 dzia\u0142anie Twojej firmy na lepsze<\/h2>\n<p>Jak rekrutowa\u0107 pracownik\u00f3w? Przede wszystkim m\u0105drze! Sprawd\u017a, jak my prowadzimy rekrutacj\u0119 pracownik\u00f3w i dlaczego warto postawi\u0107 na po\u015brednictwo pracy w obszarze zatrudnienia cudzoziemc\u00f3w!<\/p>\n<h3>Dlaczego nasza agencja pracy Pozna\u0144 to dobry wyb\u00f3r?<\/h3>\n<p>Zatrudnienie wykwalifikowanych pracownik\u00f3w nie jest prostym zadaniem. Jako agencja pracy z wieloletnim do\u015bwiadczeniem doskonale zdajemy sobie jednak spraw\u0119 ze stopnia zr\u00f3\u017cnicowania polskiego rynku pracy i mamy \u015bwiadomo\u015b\u0107 zagro\u017ce\u0144, jakie si\u0119 z tym wi\u0105\u017c\u0105. Dzi\u0119ki temu mo\u017cemy oferowa\u0107 naszym Klientom wy\u0142\u0105cznie optymalnie najlepsze warianty wsp\u00f3\u0142pracy. Co wchodzi w zakres naszych us\u0142ug agencji zatrudnienia? Wbrew pozorom wcale nie tylko zatrudnianie wykwalifikowanych pracownik\u00f3w!<\/p>\n<ul>\n<li>Bierzemy osobist\u0105 odpowiedzialno\u015b\u0107 za przeszkolenie BHP i badania lekarskie naszych kandydat\u00f3w &#8211; nie musisz si\u0119 o nie martwi\u0107!<\/li>\n<li>Zapewniamy naszym pracowniom zakwaterowanie na ca\u0142y okres wykonywania obowi\u0105zk\u00f3w! Miejsce pracy nie stanowi ju\u017c ogranicze\u0144!<\/li>\n<li>Otrzymujesz wykwalifikowanych pracownik\u00f3w tymczasowych z wa\u017cn\u0105 wiz\u0105 i kompletem dokument\u00f3w w pakiecie! Czy legalne zatrudnienie pracownika mo\u017ce sprawia\u0107 mniej k\u0142opot\u00f3w?<\/li>\n<li>Dokonujemy wnikliwej selekcji naszych kandydat\u00f3w, aby proponowa\u0107 Ci wy\u0142\u0105cznie najlepszych pracownik\u00f3w wybranej bran\u017cy. Powiedz nam o swoich potrzebach, a my zaproponujemy Ci spe\u0142niaj\u0105cych je specjalist\u00f3w! Czy znalezienie najlepszych kandydat\u00f3w mo\u017ce by\u0107 prostsze?<\/li>\n<\/ul>\n<h3>Agencja pracy Pozna\u0144 &#8211; dlaczego warto zatrudni\u0107 pracownik\u00f3w z Ukrainy?<\/h3>\n<p>Ukrai\u0144cy to wykszta\u0142ceni pracownicy wielu dziedzin! Wykwalifikowany pracownik ochrony, pracownik obs\u0142ugi klienta i biura, <a href=\"https:\/\/work-in.com.pl\/pracownicy-z-ukrainy\/budowlani\/\">pracownik budowlany<\/a>, <a href=\"https:\/\/work-in.com.pl\/zatrudnienie-lekarza-z-ukrainy\/\">lekarz z Ukrainy<\/a>, a tak\u017ce do\u015bwiadczony mechanik &#8211; znajdziesz ich wszystkich w\u015br\u00f3d naszych kandydat\u00f3w! Pracownicy z Ukrainy pozostaj\u0105 przy tym bardzo rzetelni na tle polskich pracownik\u00f3w i posiadaj\u0105 por\u00f3wnywalne do nich wykszta\u0142cenie (wykazuj\u0105 r\u00f3wnie\u017c wysok\u0105 motywacj\u0119 do nauki polskiego). Ch\u0119tnie pracuj\u0105 ponadto d\u0142u\u017cej ni\u017c Polacy i doskonale dogaduj\u0105 si\u0119 z Polakami ze wzgl\u0119du na niewielkie r\u00f3\u017cnice kulturowe.<\/p>\n<h2>Krok II &#8211; poznaj nas bli\u017cej, czyli o tym, jak leasing pracownik\u00f3w dzia\u0142a w naszej agencji<\/h2>\n<p>Potrzebujesz w Poznaniu pracownika? Dobrze si\u0119 sk\u0142ada! Dzia\u0142amy na terenie ca\u0142ej Polski i od lat sprawnie dostarczamy ekspert\u00f3w r\u00f3\u017cnych dziedzin do wszystkich jej zak\u0105tk\u00f3w. Dlaczego mo\u017cesz mie\u0107 pewno\u015b\u0107, \u017ce warto nam zaufa\u0107?<\/p>\n<h3>Agencja pracy Pozna\u0144 &#8211; czym jest leasing w Workin?<\/h3>\n<p>Leasing pracownik\u00f3w w naszej agencji zatrudnienia to wynajem wykwalifikowanych ekspert\u00f3w w swoich dziedzinach na dowolny czas, na jaki b\u0119dziesz ich potrzebowa\u0107: sprawnie, legalnie i z dobr\u0105 energi\u0105. Od pozyskania pracownik\u00f3w dzieli Ci\u0119 ju\u017c tylko kilka krok\u00f3w!<\/p>\n<h3>Profesjonalna rekrutacja pracownik\u00f3w &#8211; zaufaj agencji zatrudnienia, kt\u00f3ra zna si\u0119 na rzeczy!<\/h3>\n<p>Potrzebujesz rzetelnego pracownika kompletacji, dowolnego <a href=\"https:\/\/work-in.com.pl\/pracownicy-z-ukrainy\/sezonowi\/\">pracownika sezonowego<\/a> lub <a href=\"https:\/\/work-in.com.pl\/pracownicy-z-ukrainy\/fizyczni\/\">fizycznego<\/a>? Tw\u00f3j <a href=\"https:\/\/work-in.com.pl\/programisci-z-ukrainy\/\">programista<\/a> wzi\u0105\u0142 nag\u0142y urlop i potrzebujesz dla niego kompetentnego zast\u0119pstwa? A mo\u017ce chcesz poszerzy\u0107 horyzonty swojego biznesu i zatrudni\u0107 nowych pracownik\u00f3w budowlanych, magazynier\u00f3w, mechanik\u00f3w lub innych specjalist\u00f3w? Stanowisko i miejsce pracy nie ma znaczenia! Wsp\u00f3\u0142pracujemy z szerokim gronem zr\u00f3\u017cnicowanych, gotowych do podj\u0119cia stosunku pracy pracownik\u00f3w &#8211; zostan\u0105 z Tob\u0105 tak d\u0142ugo, jak b\u0119dziesz sobie \u017cyczy\u0142!<\/p>\n<h2>Krok III &#8211; skup si\u0119 na rozwoju firmy, podczas gdy nasza agencja po\u015brednictwa pracy zajmie si\u0119 reszt\u0105!<\/h2>\n<p>Nasza agencja pracy tymczasowej to zesp\u00f3\u0142 ludzi, kt\u00f3rzy znaj\u0105 si\u0119 na swojej pracy i zrobi\u0105 wszystko, aby rekrutacja sta\u0142a si\u0119 dla Ciebie tak prosta i przyjemna, jak to tylko mo\u017cliwe.<\/p>\n<ul>\n<li>Zapomnij o formalno\u015bciach i pracach administracyjnych!<\/li>\n<li>Nie zaprz\u0105taj sobie g\u0142owy szukaniem zakwaterowania i organizacj\u0105 szkole\u0144 BHP!<\/li>\n<li>Patrz, jak tw\u00f3j biznes ro\u015bnie!<\/li>\n<\/ul>\n<p>Czy wiesz, \u017ce w gronie najlepszych kandydat\u00f3w do pracy z terytorium Europy, zgodnie z licznymi badaniami, znajduj\u0105 si\u0119 w\u0142a\u015bnie Ukrai\u0144cy? Skontaktuj si\u0119 z nami i porozmawiajmy o Twoich mo\u017cliwo\u015bciach rozwoju!<\/p>\n<p>Sprawd\u017a r\u00f3wnie\u017c, w jakich miastach jeszcze dzia\u0142amy:<\/p>\n<ul>\n<li><a href=\"https:\/\/work-in.com.pl\/pracownicy-z-ukrainy\/warszawa\/\">Pracownicy z Ukrainy Warszawa<\/a><\/li>\n<li><a href=\"https:\/\/work-in.com.pl\/pracownicy-z-ukrainy\/gdansk\/\">Pracownicy z Ukrainy Gda\u0144sk<\/a><\/li>\n<li><a href=\"https:\/\/work-in.com.pl\/pracownicy-z-ukrainy\/krakow\/\">Pracownicy z Ukrainy Krak\u00f3w<\/a><\/li>\n<\/ul>\n<p><\/p>","protected":false},"excerpt":{"rendered":"<p>Pracownicy z Ukrainy Pozna\u0144 &#8211; spos\u00f3b na szybki rozw\u00f3j firmy w trzech krokach Nasza agencja zatrudnienia Ukrai\u0144c\u00f3w i innych pracownik\u00f3w tymczasowych z r\u00f3\u017cnych zak\u0105tk\u00f3w \u015bwiata dzia\u0142a w zakresie rekrutacji pracownik\u00f3w od lat. Zd\u0105\u017cyli\u015bmy na w\u0142asnej sk\u00f3rze dotkn\u0105\u0107 reali\u00f3w rynkowych oraz zmienno\u015bci trend\u00f3w nie tylko w Polsce, ale i w ca\u0142ej Europie; w obszarze zatrudnienia pracownik\u00f3w [&hellip;]<\/p>\n","protected":false},"author":1,"featured_media":0,"parent":236,"menu_order":0,"comment_status":"closed","ping_status":"closed","template":"template\/contact.php","meta":{"footnotes":""},"acf":[],"yoast_head":"<!-- This site is optimized with the Yoast SEO plugin v21.9.1 - https:\/\/yoast.com\/wordpress\/plugins\/seo\/ -->\n<title>Pracownicy z Ukrainy - Pozna\u0144 - Agencja Pracy Work IN<\/title>\n<meta name=\"description\" content=\"Zapewniamy leasing pracownik\u00f3w z Ukrainy w Poznaniu. Specjalizujemy si\u0119 w elastycznym zatrudnieniu i dopracowanych procesach selekcji. Pozyskaj najlepszych pracownik\u00f3w szybko i skutecznie!\" \/>\n<meta name=\"robots\" content=\"index, follow, max-snippet:-1, max-image-preview:large, max-video-preview:-1\" \/>\n<link rel=\"canonical\" href=\"https:\/\/work-in.com.pl\/en\/pracownicy-z-ukrainy\/poznan\/\" \/>\n<meta property=\"og:locale\" content=\"en_US\" \/>\n<meta property=\"og:type\" content=\"article\" \/>\n<meta property=\"og:title\" content=\"Pracownicy z Ukrainy - Pozna\u0144 - Agencja Pracy Work IN\" \/>\n<meta property=\"og:description\" content=\"Zapewniamy leasing pracownik\u00f3w z Ukrainy w Poznaniu. Specjalizujemy si\u0119 w elastycznym zatrudnieniu i dopracowanych procesach selekcji. Pozyskaj najlepszych pracownik\u00f3w szybko i skutecznie!\" \/>\n<meta property=\"og:url\" content=\"https:\/\/work-in.com.pl\/en\/pracownicy-z-ukrainy\/poznan\/\" \/>\n<meta property=\"og:site_name\" content=\"krk-group\" \/>\n<meta property=\"article:modified_time\" content=\"2024-05-06T07:36:34+00:00\" \/>\n<meta name=\"twitter:card\" content=\"summary_large_image\" \/>\n<meta name=\"twitter:label1\" content=\"Est. reading time\" \/>\n\t<meta name=\"twitter:data1\" content=\"5 minutes\" \/>\n<script type=\"application\/ld+json\" class=\"yoast-schema-graph\">{\"@context\":\"https:\/\/schema.org\",\"@graph\":[{\"@type\":\"WebPage\",\"@id\":\"https:\/\/work-in.com.pl\/en\/pracownicy-z-ukrainy\/poznan\/\",\"url\":\"https:\/\/work-in.com.pl\/en\/pracownicy-z-ukrainy\/poznan\/\",\"name\":\"Pracownicy z Ukrainy - Pozna\u0144 - Agencja Pracy Work IN\",\"isPartOf\":{\"@id\":\"https:\/\/work-in.com.pl\/en\/#website\"},\"datePublished\":\"2023-06-22T07:25:59+00:00\",\"dateModified\":\"2024-05-06T07:36:34+00:00\",\"description\":\"Zapewniamy leasing pracownik\u00f3w z Ukrainy w Poznaniu. Specjalizujemy si\u0119 w elastycznym zatrudnieniu i dopracowanych procesach selekcji. Pozyskaj najlepszych pracownik\u00f3w szybko i skutecznie!\",\"breadcrumb\":{\"@id\":\"https:\/\/work-in.com.pl\/en\/pracownicy-z-ukrainy\/poznan\/#breadcrumb\"},\"inLanguage\":\"en-US\",\"potentialAction\":[{\"@type\":\"ReadAction\",\"target\":[[\"https:\/\/work-in.com.pl\/en\/pracownicy-z-ukrainy\/poznan\/\"]]}]},{\"@type\":\"BreadcrumbList\",\"@id\":\"https:\/\/work-in.com.pl\/en\/pracownicy-z-ukrainy\/poznan\/#breadcrumb\",\"itemListElement\":[{\"@type\":\"ListItem\",\"position\":1,\"name\":\"\u0413\u043b\u0430\u0432\u043d\u0430\u044f \u0441\u0442\u0440\u0430\u043d\u0438\u0446\u0430\",\"item\":\"https:\/\/work-in.com.pl\/en\/\"},{\"@type\":\"ListItem\",\"position\":2,\"name\":\"Pracownicy z Ukrainy \u2013 organiczna cz\u0119\u015b\u0107 wsp\u00f3\u0142czesnej polskiej firmy\",\"item\":\"https:\/\/work-in.com.pl\/en\/pracownicy-z-ukrainy\/\"},{\"@type\":\"ListItem\",\"position\":3,\"name\":\"Pracownicy z Ukrainy &#8211; Pozna\u0144\"}]},{\"@type\":\"WebSite\",\"@id\":\"https:\/\/work-in.com.pl\/en\/#website\",\"url\":\"https:\/\/work-in.com.pl\/en\/\",\"name\":\"krk-group\",\"description\":\"Kolejna witryna\",\"publisher\":{\"@id\":\"https:\/\/work-in.com.pl\/en\/#organization\"},\"potentialAction\":[{\"@type\":\"SearchAction\",\"target\":{\"@type\":\"EntryPoint\",\"urlTemplate\":\"https:\/\/work-in.com.pl\/en\/?s={search_term_string}\"},\"query-input\":\"required name=search_term_string\"}],\"inLanguage\":\"en-US\"},{\"@type\":\"Organization\",\"@id\":\"https:\/\/work-in.com.pl\/en\/#organization\",\"name\":\"krk-group\",\"url\":\"https:\/\/work-in.com.pl\/en\/\",\"logo\":{\"@type\":\"ImageObject\",\"inLanguage\":\"en-US\",\"@id\":\"https:\/\/work-in.com.pl\/en\/#\/schema\/logo\/image\/\",\"url\":\"https:\/\/work-in.com.pl\/wp-content\/uploads\/2019\/05\/Workinn-1.svg\",\"contentUrl\":\"https:\/\/work-in.com.pl\/wp-content\/uploads\/2019\/05\/Workinn-1.svg\",\"width\":90,\"height\":19,\"caption\":\"krk-group\"},\"image\":{\"@id\":\"https:\/\/work-in.com.pl\/en\/#\/schema\/logo\/image\/\"}}]}<\/script>\n<!-- \/ Yoast SEO plugin. -->","yoast_head_json":{"title":"Pracownicy z Ukrainy - Pozna\u0144 - Agencja Pracy Work IN","description":"Zapewniamy leasing pracownik\u00f3w z Ukrainy w Poznaniu. Specjalizujemy si\u0119 w elastycznym zatrudnieniu i dopracowanych procesach selekcji. Pozyskaj najlepszych pracownik\u00f3w szybko i skutecznie!","robots":{"index":"index","follow":"follow","max-snippet":"max-snippet:-1","max-image-preview":"max-image-preview:large","max-video-preview":"max-video-preview:-1"},"canonical":"https:\/\/work-in.com.pl\/en\/pracownicy-z-ukrainy\/poznan\/","og_locale":"en_US","og_type":"article","og_title":"Pracownicy z Ukrainy - Pozna\u0144 - Agencja Pracy Work IN","og_description":"Zapewniamy leasing pracownik\u00f3w z Ukrainy w Poznaniu. Specjalizujemy si\u0119 w elastycznym zatrudnieniu i dopracowanych procesach selekcji. Pozyskaj najlepszych pracownik\u00f3w szybko i skutecznie!","og_url":"https:\/\/work-in.com.pl\/en\/pracownicy-z-ukrainy\/poznan\/","og_site_name":"krk-group","article_modified_time":"2024-05-06T07:36:34+00:00","twitter_card":"summary_large_image","twitter_misc":{"Est. reading time":"5 minutes"},"schema":{"@context":"https:\/\/schema.org","@graph":[{"@type":"WebPage","@id":"https:\/\/work-in.com.pl\/en\/pracownicy-z-ukrainy\/poznan\/","url":"https:\/\/work-in.com.pl\/en\/pracownicy-z-ukrainy\/poznan\/","name":"Pracownicy z Ukrainy - Pozna\u0144 - Agencja Pracy Work IN","isPartOf":{"@id":"https:\/\/work-in.com.pl\/en\/#website"},"datePublished":"2023-06-22T07:25:59+00:00","dateModified":"2024-05-06T07:36:34+00:00","description":"Zapewniamy leasing pracownik\u00f3w z Ukrainy w Poznaniu. Specjalizujemy si\u0119 w elastycznym zatrudnieniu i dopracowanych procesach selekcji. Pozyskaj najlepszych pracownik\u00f3w szybko i skutecznie!","breadcrumb":{"@id":"https:\/\/work-in.com.pl\/en\/pracownicy-z-ukrainy\/poznan\/#breadcrumb"},"inLanguage":"en-US","potentialAction":[{"@type":"ReadAction","target":[["https:\/\/work-in.com.pl\/en\/pracownicy-z-ukrainy\/poznan\/"]]}]},{"@type":"BreadcrumbList","@id":"https:\/\/work-in.com.pl\/en\/pracownicy-z-ukrainy\/poznan\/#breadcrumb","itemListElement":[{"@type":"ListItem","position":1,"name":"\u0413\u043b\u0430\u0432\u043d\u0430\u044f \u0441\u0442\u0440\u0430\u043d\u0438\u0446\u0430","item":"https:\/\/work-in.com.pl\/en\/"},{"@type":"ListItem","position":2,"name":"Pracownicy z Ukrainy \u2013 organiczna cz\u0119\u015b\u0107 wsp\u00f3\u0142czesnej polskiej firmy","item":"https:\/\/work-in.com.pl\/en\/pracownicy-z-ukrainy\/"},{"@type":"ListItem","position":3,"name":"Pracownicy z Ukrainy &#8211; Pozna\u0144"}]},{"@type":"WebSite","@id":"https:\/\/work-in.com.pl\/en\/#website","url":"https:\/\/work-in.com.pl\/en\/","name":"krk-group","description":"Kolejna witryna","publisher":{"@id":"https:\/\/work-in.com.pl\/en\/#organization"},"potentialAction":[{"@type":"SearchAction","target":{"@type":"EntryPoint","urlTemplate":"https:\/\/work-in.com.pl\/en\/?s={search_term_string}"},"query-input":"required name=search_term_string"}],"inLanguage":"en-US"},{"@type":"Organization","@id":"https:\/\/work-in.com.pl\/en\/#organization","name":"krk-group","url":"https:\/\/work-in.com.pl\/en\/","logo":{"@type":"ImageObject","inLanguage":"en-US","@id":"https:\/\/work-in.com.pl\/en\/#\/schema\/logo\/image\/","url":"https:\/\/work-in.com.pl\/wp-content\/uploads\/2019\/05\/Workinn-1.svg","contentUrl":"https:\/\/work-in.com.pl\/wp-content\/uploads\/2019\/05\/Workinn-1.svg","width":90,"height":19,"caption":"krk-group"},"image":{"@id":"https:\/\/work-in.com.pl\/en\/#\/schema\/logo\/image\/"}}]}},"_links":{"self":[{"href":"https:\/\/work-in.com.pl\/en\/wp-json\/wp\/v2\/pages\/573"}],"collection":[{"href":"https:\/\/work-in.com.pl\/en\/wp-json\/wp\/v2\/pages"}],"about":[{"href":"https:\/\/work-in.com.pl\/en\/wp-json\/wp\/v2\/types\/page"}],"author":[{"embeddable":true,"href":"https:\/\/work-in.com.pl\/en\/wp-json\/wp\/v2\/users\/1"}],"replies":[{"embeddable":true,"href":"https:\/\/work-in.com.pl\/en\/wp-json\/wp\/v2\/comments?post=573"}],"version-history":[{"count":8,"href":"https:\/\/work-in.com.pl\/en\/wp-json\/wp\/v2\/pages\/573\/revisions"}],"predecessor-version":[{"id":743,"href":"https:\/\/work-in.com.pl\/en\/wp-json\/wp\/v2\/pages\/573\/revisions\/743"}],"up":[{"embeddable":true,"href":"https:\/\/work-in.com.pl\/en\/wp-json\/wp\/v2\/pages\/236"}],"wp:attachment":[{"href":"https:\/\/work-in.com.pl\/en\/wp-json\/wp\/v2\/media?parent=573"}],"curies":[{"name":"wp","href":"https:\/\/api.w.org\/{rel}","templated":true}]}}