{"id":569,"date":"2023-06-22T08:50:25","date_gmt":"2023-06-22T06:50:25","guid":{"rendered":"https:\/\/work-in.com.pl\/?page_id=569"},"modified":"2024-05-06T09:37:30","modified_gmt":"2024-05-06T07:37:30","slug":"warszawa","status":"publish","type":"page","link":"https:\/\/work-in.com.pl\/en\/pracownicy-z-ukrainy\/warszawa\/","title":{"rendered":"Pracownicy z Ukrainy &#8211; Warszawa"},"content":{"rendered":"<p><\/p>\n<h2>Pracownicy z Ukrainy Warszawa &#8211; rekrutacja pracownik\u00f3w szyta na miar\u0119!<\/h2>\n<p data-pm-slice=\"1 1 []\">Pozyskujemy pracownik\u00f3w z og\u00f3lnopolskiego i lokalnego rynku pracy nie od dzi\u015b, a nasz\u0105 misj\u0105 jest realne oddzia\u0142ywanie na pozytywny rozw\u00f3j firm w Polsce i na ca\u0142ym globie. Specjalizujemy si\u0119 w rekrutacji zagranicznych pracownik\u00f3w tymczasowych, a dzi\u0119ki do\u015bwiadczeniu, kt\u00f3re liczymy w latach, zapewniamy elastyczne formy zatrudnienia i misternie dopracowane procesy selekcji kandydat\u00f3w. Wszystko to, aby m\u00f3c dostarcza\u0107 naszym Klientom najlepszych pracownik\u00f3w w mo\u017cliwie najkr\u00f3tszym czasie!<\/p>\n<p>Niezale\u017cnie od tego, czy potrzebujesz pomocy w znalezieniu <a href=\"https:\/\/work-in.com.pl\/programisci-z-ukrainy\/\">programisty z Ukrainy<\/a>, pracownika technicznego, czy <a href=\"https:\/\/work-in.com.pl\/zatrudnienie-lekarza-z-ukrainy\/\">lekarza z Ukrainy<\/a> &#8211; zajmiemy si\u0119 tym!<\/p>\n<h2>Szukasz pracownik\u00f3w? Dowiedz si\u0119, dlaczego w\u0142a\u015bnie nam warto powierzy\u0107 rekrutacj\u0119 pracownik\u00f3w!<\/h2>\n<p>Jak powinna wygl\u0105da\u0107 rekrutacja pracownik\u00f3w? Terminowo i efektownie! W Workin dbamy, aby zatrudnieniu pracownik\u00f3w tymczasowych towarzyszy\u0142a pozytywna atmosfera, a oferty pracy znajdowa\u0142y si\u0119 u potencjalnych kandydat\u00f3w w mgnieniu oka.<\/p>\n<p>Proces rekrutacyjny pracownika zaczynamy od rozmowy: powiedz nam o swoich oczekiwaniach, a my znajdziemy ekspert\u00f3w, kt\u00f3rzy spe\u0142ni\u0105 Twoje potrzeby. Wsp\u00f3\u0142pracujemy z gronem wykszta\u0142conych i zmotywowanych specjalist\u00f3w z licznych obszar\u00f3w Europy i Azji, a nasze biura mieszcz\u0105 si\u0119 w a\u017c 7 krajach. To dlatego mamy pewno\u015b\u0107, \u017ce znajdziemy dla Ciebie dok\u0142adnie takich pracownik\u00f3w, jakich potrzebuje Twoja firma!<\/p>\n<p>Czy wiesz, \u017ce pracownicy z Ukrainy w wi\u0119kszo\u015bci przypadk\u00f3w pozostaj\u0105 bardzo dobrze wykwalifikowani i niejednokrotnie lepiej zmotywowani do pracy w stosunku do pracownik\u00f3w narodowo\u015bci polskiej?<\/p>\n<h2>Jak m\u0105drze zatrudnia\u0107 pracownik\u00f3w sezonowych w Warszawie?<\/h2>\n<p>Czy warto zatrudni\u0107 pracownika z pomoc\u0105 biura po\u015brednictwa? Warto!<\/p>\n<p>Nasza agencja zatrudnienia pracownik\u00f3w to:<\/p>\n<ul>\n<li>obni\u017cenie koszt\u00f3w zatrudnienia pracownik\u00f3w<\/li>\n<li>brak trudno\u015bci zwi\u0105zanych z legalizacj\u0105 zatrudnienia pracownik\u00f3w &#8211; formalno\u015bci dotycz\u0105ce pracownik\u00f3w le\u017c\u0105 po naszej stronie (pozwolenie na prac\u0119 i pobyt, badania i inne)!<\/li>\n<li>Szybka obs\u0142uga i sta\u0142y kontakt &#8211; dzia\u0142amy sprawnie i zostajemy ca\u0142y czas w kontakcie.<\/li>\n<\/ul>\n<p>Jak legalnie zatrudnia\u0107 pracownik\u00f3w? Wystarczy powierzy\u0107 procesy rekrutacyjne nam!<\/p>\n<p>Chc\u0105c zatrudni\u0107 pracownik\u00f3w pracodawca musi stan\u0105\u0107 przed wyborem formy zatrudnienia pracownik\u00f3w. Nie wiesz, kt\u00f3ra z mo\u017cliwo\u015bci b\u0119dzie najkorzystniejsza dla Twojej firmy? Skontaktuj si\u0119 z nami, aby\u015bmy wsp\u00f3lnie mogli znale\u017a\u0107 najlepsze rozwi\u0105zanie dla Twojego biznesu!<\/p>\n<h3>Czym jest leasing ukrai\u0144skich pracownik\u00f3w?<\/h3>\n<p>Leasing pracownik\u00f3w (czyli wynajem pracownik\u00f3w) to wypo\u017cyczenie specjalist\u00f3w na wybrany okres czasu. Uwaga: czy wiesz, \u017ce prawo nie stawia ogranicze\u0144 wzgl\u0119dem minimalnego czasu zatrudnienia pracownik\u00f3w w ramach leasingu?<\/p>\n<h3>Rekrutacja pracownik\u00f3w do pracy tymczasowej z Ukrainy Warszawa &#8211; co zyskujesz?<\/h3>\n<p>Zatrudnianie do pracy pracownik\u00f3w z Ukrainy niesie ze sob\u0105 mn\u00f3stwo plus\u00f3w! Ukrai\u0144cy to silnie zmotywowani, dobrze wyszkoleni pracownicy, kt\u00f3rzy nie boj\u0105 si\u0119 pracy i zwykle dobrze porozumiewaj\u0105 si\u0119 w j\u0119zyku polskim.<\/p>\n<p>Potrzebujesz pomocy w znalezieniu <a href=\"https:\/\/work-in.com.pl\/pracownicy-z-ukrainy\/budowlani\/\">pracownika budowlanego<\/a>, <a href=\"https:\/\/work-in.com.pl\/pracownicy-z-ukrainy\/fizyczni\/\">fizycznego<\/a> lub technicznego? Szukasz <a href=\"https:\/\/work-in.com.pl\/pracownicy-z-ukrainy\/sezonowi\/\">pracownik\u00f3w sezonowych<\/a>? Twoja firma odnotowuje niedob\u00f3r kadry kierowniczej? Niezale\u017cnie od stanowisk pracy, jakie chcia\u0142by\u015b uzupe\u0142ni\u0107: zorganizujemy specjalist\u00f3w z ka\u017cdej bran\u017cy! Dzi\u0119ki wieloletniemu do\u015bwiadczeniu jeste\u015bmy w stanie zagwarantowa\u0107 szybk\u0105 obs\u0142ug\u0119 i niemal zautomatyzowany proces administracyjny. Nie musisz martwi\u0107 si\u0119 formalno\u015bciami zwi\u0105zanymi z zalegalizowaniem procesu zatrudnienia Ukrai\u0144c\u00f3w: bierzemy je na siebie (podobnie jak m. in. zakwaterowanie i szkolenia pracownik\u00f3w)! Zapewnienie pracy cudzoziemcowi nigdy nie by\u0142o prostsze!<\/p>\n<p>Potrzebujesz wskaz\u00f3wek odno\u015bnie formy zatrudnienia lub dostosowania czasu pracy przysz\u0142ych pracownik\u00f3w spoza granic Polski lub masz inne pytania? Doradzimy! Jako agencja pracy po\u015bredniczymy w zatrudnianiu kadry i ch\u0119tnie dzielimy si\u0119 zdobyt\u0105 przez lata wiedz\u0105. Skontaktuj si\u0119 z nami, aby dowiedzie\u0107 si\u0119 wi\u0119cej!<\/p>\n<p>Sprawd\u017a r\u00f3wnie\u017c, w jakich miastach jeszcze dzia\u0142amy:<\/p>\n<ul>\n<li><a href=\"https:\/\/work-in.com.pl\/pracownicy-z-ukrainy\/poznan\/\">Pracownicy z Ukrainy Pozna\u0144<\/a><\/li>\n<li><a href=\"https:\/\/work-in.com.pl\/pracownicy-z-ukrainy\/gdansk\/\">Pracownicy z Ukrainy Gda\u0144sk<\/a><\/li>\n<li><a href=\"https:\/\/work-in.com.pl\/pracownicy-z-ukrainy\/krakow\/\">Pracownicy z Ukrainy Krak\u00f3w\u00a0<\/a><\/li>\n<\/ul>\n<p><\/p>","protected":false},"excerpt":{"rendered":"<p>Pracownicy z Ukrainy Warszawa &#8211; rekrutacja pracownik\u00f3w szyta na miar\u0119! Pozyskujemy pracownik\u00f3w z og\u00f3lnopolskiego i lokalnego rynku pracy nie od dzi\u015b, a nasz\u0105 misj\u0105 jest realne oddzia\u0142ywanie na pozytywny rozw\u00f3j firm w Polsce i na ca\u0142ym globie. Specjalizujemy si\u0119 w rekrutacji zagranicznych pracownik\u00f3w tymczasowych, a dzi\u0119ki do\u015bwiadczeniu, kt\u00f3re liczymy w latach, zapewniamy elastyczne formy zatrudnienia [&hellip;]<\/p>\n","protected":false},"author":1,"featured_media":0,"parent":236,"menu_order":0,"comment_status":"closed","ping_status":"closed","template":"template\/contact.php","meta":{"footnotes":""},"acf":[],"yoast_head":"<!-- This site is optimized with the Yoast SEO plugin v21.9.1 - https:\/\/yoast.com\/wordpress\/plugins\/seo\/ -->\n<title>Pracownicy z Ukrainy - Warszawa - Agencja Pracy Work IN<\/title>\n<meta name=\"description\" content=\"Zapewniamy leasing pracownik\u00f3w z Ukrainy w Warszawie. Specjalizujemy si\u0119 w elastycznym zatrudnieniu i dopracowanych procesach selekcji. Pozyskaj najlepszych pracownik\u00f3w szybko i skutecznie!\" \/>\n<meta name=\"robots\" content=\"index, follow, max-snippet:-1, max-image-preview:large, max-video-preview:-1\" \/>\n<link rel=\"canonical\" href=\"https:\/\/work-in.com.pl\/en\/pracownicy-z-ukrainy\/warszawa\/\" \/>\n<meta property=\"og:locale\" content=\"en_US\" \/>\n<meta property=\"og:type\" content=\"article\" \/>\n<meta property=\"og:title\" content=\"Pracownicy z Ukrainy - Warszawa - Agencja Pracy Work IN\" \/>\n<meta property=\"og:description\" content=\"Zapewniamy leasing pracownik\u00f3w z Ukrainy w Warszawie. Specjalizujemy si\u0119 w elastycznym zatrudnieniu i dopracowanych procesach selekcji. Pozyskaj najlepszych pracownik\u00f3w szybko i skutecznie!\" \/>\n<meta property=\"og:url\" content=\"https:\/\/work-in.com.pl\/en\/pracownicy-z-ukrainy\/warszawa\/\" \/>\n<meta property=\"og:site_name\" content=\"krk-group\" \/>\n<meta property=\"article:modified_time\" content=\"2024-05-06T07:37:30+00:00\" \/>\n<meta name=\"twitter:card\" content=\"summary_large_image\" \/>\n<meta name=\"twitter:label1\" content=\"Est. reading time\" \/>\n\t<meta name=\"twitter:data1\" content=\"4 minutes\" \/>\n<script type=\"application\/ld+json\" class=\"yoast-schema-graph\">{\"@context\":\"https:\/\/schema.org\",\"@graph\":[{\"@type\":\"WebPage\",\"@id\":\"https:\/\/work-in.com.pl\/en\/pracownicy-z-ukrainy\/warszawa\/\",\"url\":\"https:\/\/work-in.com.pl\/en\/pracownicy-z-ukrainy\/warszawa\/\",\"name\":\"Pracownicy z Ukrainy - Warszawa - Agencja Pracy Work IN\",\"isPartOf\":{\"@id\":\"https:\/\/work-in.com.pl\/en\/#website\"},\"datePublished\":\"2023-06-22T06:50:25+00:00\",\"dateModified\":\"2024-05-06T07:37:30+00:00\",\"description\":\"Zapewniamy leasing pracownik\u00f3w z Ukrainy w Warszawie. Specjalizujemy si\u0119 w elastycznym zatrudnieniu i dopracowanych procesach selekcji. Pozyskaj najlepszych pracownik\u00f3w szybko i skutecznie!\",\"breadcrumb\":{\"@id\":\"https:\/\/work-in.com.pl\/en\/pracownicy-z-ukrainy\/warszawa\/#breadcrumb\"},\"inLanguage\":\"en-US\",\"potentialAction\":[{\"@type\":\"ReadAction\",\"target\":[[\"https:\/\/work-in.com.pl\/en\/pracownicy-z-ukrainy\/warszawa\/\"]]}]},{\"@type\":\"BreadcrumbList\",\"@id\":\"https:\/\/work-in.com.pl\/en\/pracownicy-z-ukrainy\/warszawa\/#breadcrumb\",\"itemListElement\":[{\"@type\":\"ListItem\",\"position\":1,\"name\":\"\u0413\u043b\u0430\u0432\u043d\u0430\u044f \u0441\u0442\u0440\u0430\u043d\u0438\u0446\u0430\",\"item\":\"https:\/\/work-in.com.pl\/en\/\"},{\"@type\":\"ListItem\",\"position\":2,\"name\":\"Pracownicy z Ukrainy \u2013 organiczna cz\u0119\u015b\u0107 wsp\u00f3\u0142czesnej polskiej firmy\",\"item\":\"https:\/\/work-in.com.pl\/en\/pracownicy-z-ukrainy\/\"},{\"@type\":\"ListItem\",\"position\":3,\"name\":\"Pracownicy z Ukrainy &#8211; Warszawa\"}]},{\"@type\":\"WebSite\",\"@id\":\"https:\/\/work-in.com.pl\/en\/#website\",\"url\":\"https:\/\/work-in.com.pl\/en\/\",\"name\":\"krk-group\",\"description\":\"Kolejna witryna\",\"publisher\":{\"@id\":\"https:\/\/work-in.com.pl\/en\/#organization\"},\"potentialAction\":[{\"@type\":\"SearchAction\",\"target\":{\"@type\":\"EntryPoint\",\"urlTemplate\":\"https:\/\/work-in.com.pl\/en\/?s={search_term_string}\"},\"query-input\":\"required name=search_term_string\"}],\"inLanguage\":\"en-US\"},{\"@type\":\"Organization\",\"@id\":\"https:\/\/work-in.com.pl\/en\/#organization\",\"name\":\"krk-group\",\"url\":\"https:\/\/work-in.com.pl\/en\/\",\"logo\":{\"@type\":\"ImageObject\",\"inLanguage\":\"en-US\",\"@id\":\"https:\/\/work-in.com.pl\/en\/#\/schema\/logo\/image\/\",\"url\":\"https:\/\/work-in.com.pl\/wp-content\/uploads\/2019\/05\/Workinn-1.svg\",\"contentUrl\":\"https:\/\/work-in.com.pl\/wp-content\/uploads\/2019\/05\/Workinn-1.svg\",\"width\":90,\"height\":19,\"caption\":\"krk-group\"},\"image\":{\"@id\":\"https:\/\/work-in.com.pl\/en\/#\/schema\/logo\/image\/\"}}]}<\/script>\n<!-- \/ Yoast SEO plugin. -->","yoast_head_json":{"title":"Pracownicy z Ukrainy - Warszawa - Agencja Pracy Work IN","description":"Zapewniamy leasing pracownik\u00f3w z Ukrainy w Warszawie. Specjalizujemy si\u0119 w elastycznym zatrudnieniu i dopracowanych procesach selekcji. Pozyskaj najlepszych pracownik\u00f3w szybko i skutecznie!","robots":{"index":"index","follow":"follow","max-snippet":"max-snippet:-1","max-image-preview":"max-image-preview:large","max-video-preview":"max-video-preview:-1"},"canonical":"https:\/\/work-in.com.pl\/en\/pracownicy-z-ukrainy\/warszawa\/","og_locale":"en_US","og_type":"article","og_title":"Pracownicy z Ukrainy - Warszawa - Agencja Pracy Work IN","og_description":"Zapewniamy leasing pracownik\u00f3w z Ukrainy w Warszawie. Specjalizujemy si\u0119 w elastycznym zatrudnieniu i dopracowanych procesach selekcji. Pozyskaj najlepszych pracownik\u00f3w szybko i skutecznie!","og_url":"https:\/\/work-in.com.pl\/en\/pracownicy-z-ukrainy\/warszawa\/","og_site_name":"krk-group","article_modified_time":"2024-05-06T07:37:30+00:00","twitter_card":"summary_large_image","twitter_misc":{"Est. reading time":"4 minutes"},"schema":{"@context":"https:\/\/schema.org","@graph":[{"@type":"WebPage","@id":"https:\/\/work-in.com.pl\/en\/pracownicy-z-ukrainy\/warszawa\/","url":"https:\/\/work-in.com.pl\/en\/pracownicy-z-ukrainy\/warszawa\/","name":"Pracownicy z Ukrainy - Warszawa - Agencja Pracy Work IN","isPartOf":{"@id":"https:\/\/work-in.com.pl\/en\/#website"},"datePublished":"2023-06-22T06:50:25+00:00","dateModified":"2024-05-06T07:37:30+00:00","description":"Zapewniamy leasing pracownik\u00f3w z Ukrainy w Warszawie. Specjalizujemy si\u0119 w elastycznym zatrudnieniu i dopracowanych procesach selekcji. Pozyskaj najlepszych pracownik\u00f3w szybko i skutecznie!","breadcrumb":{"@id":"https:\/\/work-in.com.pl\/en\/pracownicy-z-ukrainy\/warszawa\/#breadcrumb"},"inLanguage":"en-US","potentialAction":[{"@type":"ReadAction","target":[["https:\/\/work-in.com.pl\/en\/pracownicy-z-ukrainy\/warszawa\/"]]}]},{"@type":"BreadcrumbList","@id":"https:\/\/work-in.com.pl\/en\/pracownicy-z-ukrainy\/warszawa\/#breadcrumb","itemListElement":[{"@type":"ListItem","position":1,"name":"\u0413\u043b\u0430\u0432\u043d\u0430\u044f \u0441\u0442\u0440\u0430\u043d\u0438\u0446\u0430","item":"https:\/\/work-in.com.pl\/en\/"},{"@type":"ListItem","position":2,"name":"Pracownicy z Ukrainy \u2013 organiczna cz\u0119\u015b\u0107 wsp\u00f3\u0142czesnej polskiej firmy","item":"https:\/\/work-in.com.pl\/en\/pracownicy-z-ukrainy\/"},{"@type":"ListItem","position":3,"name":"Pracownicy z Ukrainy &#8211; Warszawa"}]},{"@type":"WebSite","@id":"https:\/\/work-in.com.pl\/en\/#website","url":"https:\/\/work-in.com.pl\/en\/","name":"krk-group","description":"Kolejna witryna","publisher":{"@id":"https:\/\/work-in.com.pl\/en\/#organization"},"potentialAction":[{"@type":"SearchAction","target":{"@type":"EntryPoint","urlTemplate":"https:\/\/work-in.com.pl\/en\/?s={search_term_string}"},"query-input":"required name=search_term_string"}],"inLanguage":"en-US"},{"@type":"Organization","@id":"https:\/\/work-in.com.pl\/en\/#organization","name":"krk-group","url":"https:\/\/work-in.com.pl\/en\/","logo":{"@type":"ImageObject","inLanguage":"en-US","@id":"https:\/\/work-in.com.pl\/en\/#\/schema\/logo\/image\/","url":"https:\/\/work-in.com.pl\/wp-content\/uploads\/2019\/05\/Workinn-1.svg","contentUrl":"https:\/\/work-in.com.pl\/wp-content\/uploads\/2019\/05\/Workinn-1.svg","width":90,"height":19,"caption":"krk-group"},"image":{"@id":"https:\/\/work-in.com.pl\/en\/#\/schema\/logo\/image\/"}}]}},"_links":{"self":[{"href":"https:\/\/work-in.com.pl\/en\/wp-json\/wp\/v2\/pages\/569"}],"collection":[{"href":"https:\/\/work-in.com.pl\/en\/wp-json\/wp\/v2\/pages"}],"about":[{"href":"https:\/\/work-in.com.pl\/en\/wp-json\/wp\/v2\/types\/page"}],"author":[{"embeddable":true,"href":"https:\/\/work-in.com.pl\/en\/wp-json\/wp\/v2\/users\/1"}],"replies":[{"embeddable":true,"href":"https:\/\/work-in.com.pl\/en\/wp-json\/wp\/v2\/comments?post=569"}],"version-history":[{"count":7,"href":"https:\/\/work-in.com.pl\/en\/wp-json\/wp\/v2\/pages\/569\/revisions"}],"predecessor-version":[{"id":742,"href":"https:\/\/work-in.com.pl\/en\/wp-json\/wp\/v2\/pages\/569\/revisions\/742"}],"up":[{"embeddable":true,"href":"https:\/\/work-in.com.pl\/en\/wp-json\/wp\/v2\/pages\/236"}],"wp:attachment":[{"href":"https:\/\/work-in.com.pl\/en\/wp-json\/wp\/v2\/media?parent=569"}],"curies":[{"name":"wp","href":"https:\/\/api.w.org\/{rel}","templated":true}]}}