{"id":247,"date":"2021-07-26T15:03:37","date_gmt":"2021-07-26T13:03:37","guid":{"rendered":"https:\/\/work-in.com.pl\/?page_id=247"},"modified":"2022-01-27T10:38:17","modified_gmt":"2022-01-27T09:38:17","slug":"pracownicy-z-moldawii","status":"publish","type":"page","link":"https:\/\/work-in.com.pl\/en\/pracownicy-z-moldawii\/","title":{"rendered":"Pracownicy z Mo\u0142dawii \u2013 uczciwi i pracowici"},"content":{"rendered":"<style><span data-mce-type=\"bookmark\" style=\"display: inline-block; width: 0px; overflow: hidden; line-height: 0;\" class=\"mce_SELRES_start\">\ufeff<\/span>table, th, td {<br \/>  border: 1px solid black;<br \/>}<\/style>\n<p><img loading=\"lazy\" decoding=\"async\" class=\"aligncenter wp-image-268 size-large\" src=\"https:\/\/work-in.com.pl\/wp-content\/uploads\/2021\/07\/moldova-2131300-1024x769.jpg\" alt=\"\" width=\"1024\" height=\"769\" srcset=\"https:\/\/work-in.com.pl\/wp-content\/uploads\/2021\/07\/moldova-2131300-1024x769.jpg 1024w, https:\/\/work-in.com.pl\/wp-content\/uploads\/2021\/07\/moldova-2131300-300x225.jpg 300w, https:\/\/work-in.com.pl\/wp-content\/uploads\/2021\/07\/moldova-2131300-768x577.jpg 768w\" sizes=\"(max-width: 1024px) 100vw, 1024px\" \/><\/p>\n<p>&nbsp;<\/p>\n<p>Wsp\u00f3\u0142czesna Mo\u0142dawia przedstawia sob\u0105 troch\u0119 namiastk\u0119 ze Zwi\u0105zku Radzieckiego. Jak i u nas, kto\u015b ma do tego sentyment, a kto\u015b chcia\u0142by uciec jak najdalej i zapomnie\u0107 na zawsze. W ka\u017cdym razie sytuacja ekonomiczna powoduje, \u017ce <strong>pracownicy z Mo\u0142dawii<\/strong> emigruj\u0105 w poszukiwaniu lepszych warunk\u00f3w \u017cycia.<\/p>\n<p><!--more--><\/p>\n<h2><strong>Pracownicy z Mo\u0142dawii<\/strong> \u2013 na co liczy\u0107<\/h2>\n<p>Do Polski przyje\u017cd\u017caj\u0105 <strong>pracownicy z Mo\u0142dawii<\/strong> zar\u00f3wno starsi, jak i m\u0142odsi. Mo\u017cna spotka\u0107 osoby w wieku od 20 do ponad 50 lat. M\u0142odsi raczej zamierzaj\u0105 zosta\u0107 na d\u0142u\u017cej, ewentualnie na sta\u0142e, u starszych r\u00f3\u017cnie to bywa.<\/p>\n<p>Trzeba zdawa\u0107 sobie spraw\u0119 z tego, \u017ce nie ka\u017cdy \u015bwie\u017cy mo\u0142dawski emigrant zna j\u0119zyk rosyjski, a co do polskiego, to ju\u017c w og\u00f3le szczyt marze\u0144. Ale ludzie s\u0105 na og\u00f3\u0142 bardzo w porz\u0105dku: sumienni, uczciwi, wierz\u0105cy. Przy r\u00f3wnie uczciwym ich traktowaniu nie zawiod\u0105.<\/p>\n<p><strong>Pracownicy z Mo\u0142dawii<\/strong> dobrze wiedz\u0105, co to jest praca. Szanuj\u0105 swoje tradycje, potrafi\u0105 z odpowiednim szacunkiem podej\u015b\u0107 te\u017c do obcych. \u015awietnie sprawdzaj\u0105 si\u0119 w pracach <a href=\"https:\/\/work-in.com.pl\/pracownicy-z-moldawii\/rolni\/\">rolnych<\/a> i <a href=\"https:\/\/work-in.com.pl\/pracownicy-z-moldawii\/budowlani\/\">budowlanych<\/a>. Nie gardz\u0105 te\u017c prac\u0105 <a href=\"https:\/\/work-in.com.pl\/pracownicy-z-moldawii\/fizyczni\/\">fizyczn\u0105<\/a> i <a href=\"https:\/\/work-in.com.pl\/pracownicy-z-moldawii\/sezonowi\/\">sezonow\u0105<\/a>.<\/p>\n<h2><strong>Pracownicy z Mo\u0142dawii<\/strong> \u2013 dlaczego z agencji<\/h2>\n<p>Je\u015bli na ukrai\u0144ski rynek pracy wielu polskich pracodawc\u00f3w ju\u017c dawno odwa\u017ca si\u0119 wychodzi\u0107 z ofertami pracy samodzielnie, to w przypadku Mo\u0142dawii przeszkod\u0105 jest ju\u017c chocia\u017cby bariera j\u0119zykowa. Aby mie\u0107 pewno\u015b\u0107, \u017ce strony si\u0119 rozumiej\u0105 w kwestii wzajemnych zobowi\u0105za\u0144, trzeba co najmniej wynaj\u0105\u0107 t\u0142umacza na czas rekrutacji.<\/p>\n<p>Do tego dochodz\u0105 formalno\u015bci, kt\u00f3rych przy zatrudnieniu pracownik\u00f3w i tak jest mn\u00f3stwo, a przy obcokrajowcach jeszcze wi\u0119cej. Pozwolenie na prac\u0119, wiza, potem ewentualnie zezwolenie na pobyt, regularne badania lekarskie i szkolenia BHP, znalezienie miejsca, gdzie <strong>pracownicy z Mo\u0142dawii<\/strong> mogliby zamieszka\u0107, najlepiej niedaleko pracy&#8230;<\/p>\n<p>Wszystko to mo\u017cna sobie odpu\u015bci\u0107, kiedy decydujesz si\u0119 na podnaj\u0119cie robotnik\u00f3w z agencji pracy. Otrzymujesz w odpowiednim czasie potrzebn\u0105 ilo\u015b\u0107 si\u0142y roboczej, ca\u0142kowicie gotowej do podj\u0119cia legalnej pracy w Twojej firmie.<\/p>\n<h2>Pytania i odpowiedzi<\/h2>\n<div class=\"schema-faq-code\">\n<div class=\"faq-question\">\n<h3 class=\"faq-q\">Czy pracownicy z Mo\u0142dawii m\u00f3wi\u0105 po polsku?<\/h3>\n<div>\n<p class=\"faq-a\">Najcz\u0119\u015bciej nie. Nawet rosyjskiego wielu z nich nie zna. Ich w\u0142asny j\u0119zyk jest spokrewniony z rumu\u0144skim.<\/p>\n<\/div>\n<\/div>\n<div class=\"faq-question\">\n<h3 class=\"faq-q\">Czy pracownicy z Mo\u0142dawii s\u0105 mniej przygotowani do pracy w Polsce ni\u017c Ukrai\u0144cy?<\/h3>\n<div>\n<p class=\"faq-a\">Bynajmniej. S\u0105 to ludzie sumienni i przyzwyczajeni do pracy. Potrafi\u0105 szybko dostosowa\u0107 si\u0119 do wym\u00f3g.<\/p>\n<\/div>\n<\/div>\n<div class=\"faq-question\">\n<h3 class=\"faq-q\">W jakich bran\u017cach pracownicy z Mo\u0142dawii s\u0105 najbardziej na miejscu?<\/h3>\n<div>\n<p class=\"faq-a\">Wed\u0142ug naszych obserwacji dobrze sobie radz\u0105 z pracami na budowie, zw\u0142aszcza z remontami, oraz w rolnictwie.<\/p>\n<\/div>\n<\/div>\n<\/div>\n","protected":false},"excerpt":{"rendered":"<p>&nbsp; Wsp\u00f3\u0142czesna Mo\u0142dawia przedstawia sob\u0105 troch\u0119 namiastk\u0119 ze Zwi\u0105zku Radzieckiego. Jak i u nas, kto\u015b ma do tego sentyment, a kto\u015b chcia\u0142by uciec jak najdalej i zapomnie\u0107 na zawsze. W ka\u017cdym razie sytuacja ekonomiczna powoduje, \u017ce pracownicy z Mo\u0142dawii emigruj\u0105 w poszukiwaniu lepszych warunk\u00f3w \u017cycia.<\/p>\n","protected":false},"author":1,"featured_media":268,"parent":0,"menu_order":0,"comment_status":"closed","ping_status":"closed","template":"template\/contact.php","meta":{"footnotes":""},"acf":[],"yoast_head":"<!-- This site is optimized with the Yoast SEO plugin v21.9.1 - https:\/\/yoast.com\/wordpress\/plugins\/seo\/ -->\n<title>Pracownicy z Mo\u0142dawii \u2013 \u0142atwe zatrudnienie z Work-In<\/title>\n<meta name=\"description\" content=\"Pracownicy z Mo\u0142dawii przyje\u017cd\u017caj\u0105 do Polski w poszukiwaniu poprawy swojego bytu. Uzyskaj zdecydowanych na prac\u0119 obcokrajowc\u00f3w z naszej agencji bez najmniejszego k\u0142opotu.\" \/>\n<meta name=\"robots\" content=\"index, follow, max-snippet:-1, max-image-preview:large, max-video-preview:-1\" \/>\n<link rel=\"canonical\" href=\"https:\/\/work-in.com.pl\/en\/pracownicy-z-moldawii\/\" \/>\n<meta property=\"og:locale\" content=\"en_US\" \/>\n<meta property=\"og:type\" content=\"article\" \/>\n<meta property=\"og:title\" content=\"Pracownicy z Mo\u0142dawii \u2013 \u0142atwe zatrudnienie z Work-In\" \/>\n<meta property=\"og:description\" content=\"Pracownicy z Mo\u0142dawii przyje\u017cd\u017caj\u0105 do Polski w poszukiwaniu poprawy swojego bytu. Uzyskaj zdecydowanych na prac\u0119 obcokrajowc\u00f3w z naszej agencji bez najmniejszego k\u0142opotu.\" \/>\n<meta property=\"og:url\" content=\"https:\/\/work-in.com.pl\/en\/pracownicy-z-moldawii\/\" \/>\n<meta property=\"og:site_name\" content=\"krk-group\" \/>\n<meta property=\"article:modified_time\" content=\"2022-01-27T09:38:17+00:00\" \/>\n<meta property=\"og:image\" content=\"https:\/\/work-in.com.pl\/wp-content\/uploads\/2021\/07\/moldova-2131300.jpg\" \/>\n\t<meta property=\"og:image:width\" content=\"4032\" \/>\n\t<meta property=\"og:image:height\" content=\"3029\" \/>\n\t<meta property=\"og:image:type\" content=\"image\/jpeg\" \/>\n<meta name=\"twitter:card\" content=\"summary_large_image\" \/>\n<meta name=\"twitter:label1\" content=\"Est. reading time\" \/>\n\t<meta name=\"twitter:data1\" content=\"2 minutes\" \/>\n<script type=\"application\/ld+json\" class=\"yoast-schema-graph\">{\"@context\":\"https:\/\/schema.org\",\"@graph\":[{\"@type\":\"WebPage\",\"@id\":\"https:\/\/work-in.com.pl\/en\/pracownicy-z-moldawii\/\",\"url\":\"https:\/\/work-in.com.pl\/en\/pracownicy-z-moldawii\/\",\"name\":\"Pracownicy z Mo\u0142dawii \u2013 \u0142atwe zatrudnienie z Work-In\",\"isPartOf\":{\"@id\":\"https:\/\/work-in.com.pl\/en\/#website\"},\"datePublished\":\"2021-07-26T13:03:37+00:00\",\"dateModified\":\"2022-01-27T09:38:17+00:00\",\"description\":\"Pracownicy z Mo\u0142dawii przyje\u017cd\u017caj\u0105 do Polski w poszukiwaniu poprawy swojego bytu. Uzyskaj zdecydowanych na prac\u0119 obcokrajowc\u00f3w z naszej agencji bez najmniejszego k\u0142opotu.\",\"breadcrumb\":{\"@id\":\"https:\/\/work-in.com.pl\/en\/pracownicy-z-moldawii\/#breadcrumb\"},\"inLanguage\":\"en-US\",\"potentialAction\":[{\"@type\":\"ReadAction\",\"target\":[[\"https:\/\/work-in.com.pl\/en\/pracownicy-z-moldawii\/\"]]}]},{\"@type\":\"BreadcrumbList\",\"@id\":\"https:\/\/work-in.com.pl\/en\/pracownicy-z-moldawii\/#breadcrumb\",\"itemListElement\":[{\"@type\":\"ListItem\",\"position\":1,\"name\":\"\u0413\u043b\u0430\u0432\u043d\u0430\u044f \u0441\u0442\u0440\u0430\u043d\u0438\u0446\u0430\",\"item\":\"https:\/\/work-in.com.pl\/en\/\"},{\"@type\":\"ListItem\",\"position\":2,\"name\":\"Pracownicy z Mo\u0142dawii \u2013 uczciwi i pracowici\"}]},{\"@type\":\"WebSite\",\"@id\":\"https:\/\/work-in.com.pl\/en\/#website\",\"url\":\"https:\/\/work-in.com.pl\/en\/\",\"name\":\"krk-group\",\"description\":\"Kolejna witryna\",\"publisher\":{\"@id\":\"https:\/\/work-in.com.pl\/en\/#organization\"},\"potentialAction\":[{\"@type\":\"SearchAction\",\"target\":{\"@type\":\"EntryPoint\",\"urlTemplate\":\"https:\/\/work-in.com.pl\/en\/?s={search_term_string}\"},\"query-input\":\"required name=search_term_string\"}],\"inLanguage\":\"en-US\"},{\"@type\":\"Organization\",\"@id\":\"https:\/\/work-in.com.pl\/en\/#organization\",\"name\":\"krk-group\",\"url\":\"https:\/\/work-in.com.pl\/en\/\",\"logo\":{\"@type\":\"ImageObject\",\"inLanguage\":\"en-US\",\"@id\":\"https:\/\/work-in.com.pl\/en\/#\/schema\/logo\/image\/\",\"url\":\"https:\/\/work-in.com.pl\/wp-content\/uploads\/2019\/05\/Workinn-1.svg\",\"contentUrl\":\"https:\/\/work-in.com.pl\/wp-content\/uploads\/2019\/05\/Workinn-1.svg\",\"width\":90,\"height\":19,\"caption\":\"krk-group\"},\"image\":{\"@id\":\"https:\/\/work-in.com.pl\/en\/#\/schema\/logo\/image\/\"}}]}<\/script>\n<!-- \/ Yoast SEO plugin. -->","yoast_head_json":{"title":"Pracownicy z Mo\u0142dawii \u2013 \u0142atwe zatrudnienie z Work-In","description":"Pracownicy z Mo\u0142dawii przyje\u017cd\u017caj\u0105 do Polski w poszukiwaniu poprawy swojego bytu. Uzyskaj zdecydowanych na prac\u0119 obcokrajowc\u00f3w z naszej agencji bez najmniejszego k\u0142opotu.","robots":{"index":"index","follow":"follow","max-snippet":"max-snippet:-1","max-image-preview":"max-image-preview:large","max-video-preview":"max-video-preview:-1"},"canonical":"https:\/\/work-in.com.pl\/en\/pracownicy-z-moldawii\/","og_locale":"en_US","og_type":"article","og_title":"Pracownicy z Mo\u0142dawii \u2013 \u0142atwe zatrudnienie z Work-In","og_description":"Pracownicy z Mo\u0142dawii przyje\u017cd\u017caj\u0105 do Polski w poszukiwaniu poprawy swojego bytu. Uzyskaj zdecydowanych na prac\u0119 obcokrajowc\u00f3w z naszej agencji bez najmniejszego k\u0142opotu.","og_url":"https:\/\/work-in.com.pl\/en\/pracownicy-z-moldawii\/","og_site_name":"krk-group","article_modified_time":"2022-01-27T09:38:17+00:00","og_image":[{"width":4032,"height":3029,"url":"https:\/\/work-in.com.pl\/wp-content\/uploads\/2021\/07\/moldova-2131300.jpg","type":"image\/jpeg"}],"twitter_card":"summary_large_image","twitter_misc":{"Est. reading time":"2 minutes"},"schema":{"@context":"https:\/\/schema.org","@graph":[{"@type":"WebPage","@id":"https:\/\/work-in.com.pl\/en\/pracownicy-z-moldawii\/","url":"https:\/\/work-in.com.pl\/en\/pracownicy-z-moldawii\/","name":"Pracownicy z Mo\u0142dawii \u2013 \u0142atwe zatrudnienie z Work-In","isPartOf":{"@id":"https:\/\/work-in.com.pl\/en\/#website"},"datePublished":"2021-07-26T13:03:37+00:00","dateModified":"2022-01-27T09:38:17+00:00","description":"Pracownicy z Mo\u0142dawii przyje\u017cd\u017caj\u0105 do Polski w poszukiwaniu poprawy swojego bytu. Uzyskaj zdecydowanych na prac\u0119 obcokrajowc\u00f3w z naszej agencji bez najmniejszego k\u0142opotu.","breadcrumb":{"@id":"https:\/\/work-in.com.pl\/en\/pracownicy-z-moldawii\/#breadcrumb"},"inLanguage":"en-US","potentialAction":[{"@type":"ReadAction","target":[["https:\/\/work-in.com.pl\/en\/pracownicy-z-moldawii\/"]]}]},{"@type":"BreadcrumbList","@id":"https:\/\/work-in.com.pl\/en\/pracownicy-z-moldawii\/#breadcrumb","itemListElement":[{"@type":"ListItem","position":1,"name":"\u0413\u043b\u0430\u0432\u043d\u0430\u044f \u0441\u0442\u0440\u0430\u043d\u0438\u0446\u0430","item":"https:\/\/work-in.com.pl\/en\/"},{"@type":"ListItem","position":2,"name":"Pracownicy z Mo\u0142dawii \u2013 uczciwi i pracowici"}]},{"@type":"WebSite","@id":"https:\/\/work-in.com.pl\/en\/#website","url":"https:\/\/work-in.com.pl\/en\/","name":"krk-group","description":"Kolejna witryna","publisher":{"@id":"https:\/\/work-in.com.pl\/en\/#organization"},"potentialAction":[{"@type":"SearchAction","target":{"@type":"EntryPoint","urlTemplate":"https:\/\/work-in.com.pl\/en\/?s={search_term_string}"},"query-input":"required name=search_term_string"}],"inLanguage":"en-US"},{"@type":"Organization","@id":"https:\/\/work-in.com.pl\/en\/#organization","name":"krk-group","url":"https:\/\/work-in.com.pl\/en\/","logo":{"@type":"ImageObject","inLanguage":"en-US","@id":"https:\/\/work-in.com.pl\/en\/#\/schema\/logo\/image\/","url":"https:\/\/work-in.com.pl\/wp-content\/uploads\/2019\/05\/Workinn-1.svg","contentUrl":"https:\/\/work-in.com.pl\/wp-content\/uploads\/2019\/05\/Workinn-1.svg","width":90,"height":19,"caption":"krk-group"},"image":{"@id":"https:\/\/work-in.com.pl\/en\/#\/schema\/logo\/image\/"}}]}},"_links":{"self":[{"href":"https:\/\/work-in.com.pl\/en\/wp-json\/wp\/v2\/pages\/247"}],"collection":[{"href":"https:\/\/work-in.com.pl\/en\/wp-json\/wp\/v2\/pages"}],"about":[{"href":"https:\/\/work-in.com.pl\/en\/wp-json\/wp\/v2\/types\/page"}],"author":[{"embeddable":true,"href":"https:\/\/work-in.com.pl\/en\/wp-json\/wp\/v2\/users\/1"}],"replies":[{"embeddable":true,"href":"https:\/\/work-in.com.pl\/en\/wp-json\/wp\/v2\/comments?post=247"}],"version-history":[{"count":7,"href":"https:\/\/work-in.com.pl\/en\/wp-json\/wp\/v2\/pages\/247\/revisions"}],"predecessor-version":[{"id":433,"href":"https:\/\/work-in.com.pl\/en\/wp-json\/wp\/v2\/pages\/247\/revisions\/433"}],"wp:featuredmedia":[{"embeddable":true,"href":"https:\/\/work-in.com.pl\/en\/wp-json\/wp\/v2\/media\/268"}],"wp:attachment":[{"href":"https:\/\/work-in.com.pl\/en\/wp-json\/wp\/v2\/media?parent=247"}],"curies":[{"name":"wp","href":"https:\/\/api.w.org\/{rel}","templated":true}]}}