{"id":239,"date":"2021-07-26T14:39:28","date_gmt":"2021-07-26T12:39:28","guid":{"rendered":"https:\/\/work-in.com.pl\/?page_id=239"},"modified":"2022-01-27T11:04:59","modified_gmt":"2022-01-27T10:04:59","slug":"pracownicy-z-gruzji","status":"publish","type":"page","link":"https:\/\/work-in.com.pl\/en\/pracownicy-z-gruzji\/","title":{"rendered":"Pracownicy z Gruzji \u2013 sumienno\u015b\u0107 i \u017cyczliwo\u015b\u0107 w Twoim zespole"},"content":{"rendered":"<style><span data-mce-type=\"bookmark\" style=\"display: inline-block; width: 0px; overflow: hidden; line-height: 0;\" class=\"mce_SELRES_start\">\ufeff<\/span>table, th, td {<br \/>  border: 1px solid black;<br \/>}<\/style>\n<p><img loading=\"lazy\" decoding=\"async\" class=\"aligncenter wp-image-263 size-large\" src=\"https:\/\/work-in.com.pl\/wp-content\/uploads\/2021\/07\/jackhammer-91101_1920-1024x680.jpg\" alt=\"\" width=\"1024\" height=\"680\" srcset=\"https:\/\/work-in.com.pl\/wp-content\/uploads\/2021\/07\/jackhammer-91101_1920-1024x680.jpg 1024w, https:\/\/work-in.com.pl\/wp-content\/uploads\/2021\/07\/jackhammer-91101_1920-300x199.jpg 300w, https:\/\/work-in.com.pl\/wp-content\/uploads\/2021\/07\/jackhammer-91101_1920-768x510.jpg 768w, https:\/\/work-in.com.pl\/wp-content\/uploads\/2021\/07\/jackhammer-91101_1920.jpg 1920w\" sizes=\"(max-width: 1024px) 100vw, 1024px\" \/><\/p>\n<p>&nbsp;<\/p>\n<p>Gruzini to trzecia narodowo\u015b\u0107 na li\u015bcie najbardziej licznych emigranckich wsp\u00f3lnot w Polsce. D\u0105\u017c\u0105 ku lepszemu, chc\u0105 pracowa\u0107. By\u0107 mo\u017ce w\u0142a\u015bnie dla Ciebie. Co wyr\u00f3\u017cnia <strong>pracownik\u00f3w z Gruzji<\/strong> w\u015br\u00f3d innych cudzoziemc\u00f3w i jak ich zatrudni\u0107 \u2013 o tym przeczytasz w naszym artykule.<\/p>\n<p><!--more--><\/p>\n<h2><strong>Pracownicy z Gruzji<\/strong> \u2013 na co liczy\u0107<\/h2>\n<p>Gruzja najbardziej nam si\u0119 kojarzy z winem, g\u00f3rami i swoistym temperamentem jej mieszka\u0144c\u00f3w. Ot\u00f3\u017c jacy s\u0105 Gruzini, czego mo\u017cemy po nich si\u0119 spodziewa\u0107?<\/p>\n<h3><em>Charakterystyczne cechy Gruzin\u00f3w<\/em><\/h3>\n<ul>\n<li><u>Wielka go\u015bcinno\u015b\u0107<\/u>. Zar\u00f3wno u siebie na Ojczy\u017anie, jak i w emigracji, Gruzini z przyjemno\u015bci\u0105 przyjmuj\u0105 go\u015bci, jak i odwiedzaj\u0105 znajomych. Staraj\u0105 si\u0119 przy tym, aby wszyscy czuli si\u0119 dobrze. W Twoim zespole to pos\u0142u\u017cy nawi\u0105zaniu bli\u017cszych relacji mi\u0119dzy pracownikami.<\/li>\n<li><u>Wysoka komunikatywno\u015b\u0107<\/u>. <strong>Pracownicy z Gruzji<\/strong> ch\u0119tnie rozmawiaj\u0105 na ka\u017cdy temat, wymieniaj\u0105 si\u0119 obserwacjami, s\u0105 bardzo otwarci. Posiadaj\u0105 przy tym kultur\u0119 uwa\u017cnego s\u0142uchania wsp\u00f3\u0142rozm\u00f3wcy. Z takim pracownikiem zawsze si\u0119 dogadasz.<\/li>\n<li><u>Wierno\u015b\u0107 i sta\u0142o\u015b\u0107<\/u>. Dla Gruzina wa\u017cne s\u0105 relacje z lud\u017ami. Przede wszystkim z rodzin\u0105, kt\u00f3r\u0105 traktuj\u0105 znacznie szerzej, ni\u017c Polacy. Ale r\u00f3wnie\u017c z s\u0105siadami, z kolegami, kt\u00f3rych widuj\u0105 na co dzie\u0144 w pracy. To powoduje odpowiednie \u2013 odpowiedzialne \u2013 podej\u015bcie do zobowi\u0105za\u0144.<\/li>\n<li><u>Emocjonalno\u015b\u0107<\/u>. Cokolwiek robi Gruzin, nie robi tego machinalnie, tylko w pe\u0142ni prze\u017cywaj\u0105c chwil\u0119. I zupe\u0142nie to mu nie przeszkadza w sumiennym wykonywaniu zada\u0144. Natomiast w d\u0142u\u017cszej perspektywie prze\u017cywanie emocji (zamiast ich wypierania) zapobiega wypaleniu si\u0119.<\/li>\n<\/ul>\n<h3><em>Dlaczego Gruzini jad\u0105 do Polski?\u00a0<\/em><\/h3>\n<p>Nie ma tu wielkiej tajemnicy \u2013 jak wszyscy pracownicy z obcych kraj\u00f3w, szukaj\u0105 tu poprawy poziomu \u017cycia. Jak ka\u017cdy cz\u0142owiek, <strong>pracownik z Gruzji<\/strong> chce spokojnie \u017cy\u0107 i pracowa\u0107. Ale jest jeszcze inna bardzo ciekawa przyczyna masowego przybywania Gruzin\u00f3w do naszego kraju.<\/p>\n<p>W stosunkach mi\u0119dzynarodowych polsko-gruzi\u0144ska przyja\u017a\u0144 trwa co najmniej od 200 lat. A powsta\u0142a ona na tle solidarno\u015bci dw\u00f3ch narod\u00f3w, kt\u00f3re ucierpia\u0142y przez agresj\u0119 wi\u0119kszych s\u0105siad\u00f3w. W Tbilisi znajdziemy, na przyk\u0142ad, takie ulice: Mickiewicza, Pi\u0142sudskiego, braci Zdaniewicz\u00f3w polonus\u00f3w. W Batumi \u2013 alej\u0119 Lecha i Marii Kaczy\u0144skich.<\/p>\n<p>St\u0105d wynika og\u00f3lne bardzo pozytywne nastawienie <strong>pracownik\u00f3w z Gruzji<\/strong> do Polak\u00f3w. Naprawd\u0119 jest z nimi \u0142atwo si\u0119 porozumie\u0107, zar\u00f3wno na poziomie relacji mi\u0119dzyludzkich, jak i j\u0119zyka, kt\u00f3rego ucz\u0105 si\u0119 do\u015b\u0107 szybko.<\/p>\n<h2><strong>Pracownicy z Gruzji<\/strong> \u2013 dlaczego z agencji<\/h2>\n<p>Zatrudnienie obcokrajowca to zawsze osza\u0142amiaj\u0105ca lista dokument\u00f3w do za\u0142atwienia. Jednak dla przedstawicieli Gruzji, Ukrainy, Bia\u0142orusi, Rosji, Mo\u0142dawii oraz Armenii nasze pa\u0144stwo robi wyj\u0105tek i proponuje procedur\u0119 uproszczon\u0105. Zobaczmy, jak wygl\u0105da.<\/p>\n<h3><em><strong>Pracownicy z Gruzji<\/strong>: uproszczona procedura zatrudnienia<\/em><\/h3>\n<p>Uproszczenie polega na tym, \u017ce nie trzeba robi\u0107 zezwolenia na prac\u0119. Pracodawca jednak musi <u>z\u0142o\u017cy\u0107 o\u015bwiadczenie o\u00a0zamiarze powierzenia pracy cudzoziemcowi<\/u>. Kosztuje to mniej pieni\u0119dzy, czasu i nerw\u00f3w.<\/p>\n<p>W ka\u017cdym razie, zanim p\u00f3jdziesz z tym papierem do urz\u0119du, musisz sprawdzi\u0107, czy Tw\u00f3j kandydat:<\/p>\n<ol>\n<li>jest Gruzinem nie tylko z pochodzenia, ale r\u00f3wnie\u017c <u>ma obywatelstwo Gruzji<\/u>, \u2013 musisz zajrze\u0107 do paszportu;<\/li>\n<li>posiada <u>wa\u017cny dokument pobytu w\u00a0Polsce<\/u> \u2013 najlepiej takowy zeskanowa\u0107, a kopie mie\u0107 pod r\u0119k\u0105 na ca\u0142ej d\u0142ugo\u015bci pracy <strong>pracownika z Gruzji <\/strong>w Twoim zak\u0142adzie;<\/li>\n<li>ma\u00a0<u>tytu\u0142 pobytu, przewiduj\u0105cy prawo do pracy<\/u> w\u00a0naszym kraju (czyli ma albo kart\u0119 pobytu sta\u0142ego lub czasowego z adnotacj\u0105 \u201edost\u0119p do rynku pracy\u201d, albo w paszporcie mie\u0107 wiz\u0119 kategorii C lub D).<\/li>\n<\/ol>\n<p>Z\u0142o\u017cy\u0107 o\u015bwiadczenie mo\u017cna elektronicznie albo osobi\u015bcie w\u00a0Powiatowym Urz\u0119dzie Pracy. Niekt\u00f3re urz\u0119dy nalegaj\u0105 na drodze elektronicznej. W tym wypadku musisz mie\u0107:<\/p>\n<ul>\n<li>profil na praca.gov.pl,<\/li>\n<li>aktywne konto EPUAP lub<\/li>\n<li>podpis elektroniczny.<\/li>\n<\/ul>\n<p>Opr\u00f3cz samego o\u015bwiadczenia, nale\u017cy dostarczy\u0107 r\u00f3wnie\u017c:<\/p>\n<ul>\n<li>kopie (ksero albo skan) wszystkich stron paszportu kandydata;<\/li>\n<li>kopie obu stron karty pobytu, o ile takowa istnieje;<\/li>\n<li>potwierdzenie op\u0142aty skarbowej 30 z\u0142.<\/li>\n<\/ul>\n<p>Rozpatrzenie sprawy wed\u0142ug przepis\u00f3w mo\u017ce potrwa\u0107 <u>do 7 dni roboczych<\/u>.<\/p>\n<p>Kiedy o\u015bwiadczenie zostanie ju\u017c zatwierdzone i wpisane do rejestru, jego orygina\u0142 nale\u017cy si\u0119 <strong>pracownikowi z Gruzji<\/strong>. Pracodawca natomiast zostawia dla siebie uwierzytelnion\u0105 kopi\u0119.<\/p>\n<p>Teraz dopiero mo\u017cna <u>przyst\u0105pi\u0107 do podpisania umowy<\/u>, kt\u00f3ra powinna:<\/p>\n<ul>\n<li>odpowiada\u0107 okre\u015blonym w\u00a0o\u015bwiadczeniu warunkom;<\/li>\n<li>by\u0107 zrozumia\u0142a dla obcokrajowca (je\u015bli nie zna dobrze polskiego, pracodawca musi za\u0142\u0105czy\u0107 t\u0142umaczenie na znany pracownikowi j\u0119zyk);<\/li>\n<li>zosta\u0107 zg\u0142oszona do\u00a0ZUS.<\/li>\n<\/ul>\n<h3><em><strong>Pracownicy z Gruzji<\/strong> bez zb\u0119dnych k\u0142opot\u00f3w<\/em><\/h3>\n<p>Jak wida\u0107, to co uproszczone nie zawsze jest a\u017c takie proste. Je\u015bli chcesz oszcz\u0119dzi\u0107 sobie tej pracy biurokratyczno-papierowej, zg\u0142o\u015b si\u0119 do nas, a uzyskasz <strong>pracownik\u00f3w z Gruzji<\/strong>:<\/p>\n<ul>\n<li>legalnie przebywaj\u0105cych w kraju,<\/li>\n<li>mog\u0105cych prawnie podj\u0105\u0107 prac\u0119,<\/li>\n<li>wyszkolonych w zakresie BHP,<\/li>\n<li>przebadanych medycznie,<\/li>\n<li>z zapewnionym miejscem zamieszkania,<\/li>\n<li>do prac <a href=\"https:\/\/work-in.com.pl\/pracownicy-z-gruzji\/rolni\/\">rolnych<\/a>, <a href=\"https:\/\/work-in.com.pl\/pracownicy-z-gruzji\/budowlani\/\">budowlanych<\/a>, <a href=\"https:\/\/work-in.com.pl\/pracownicy-z-gruzji\/fizyczni\/\">fizycznych<\/a>, <a href=\"https:\/\/work-in.com.pl\/pracownicy-z-gruzji\/sezonowi\/\">sezonowych<\/a> itd.<\/li>\n<\/ul>\n<p>Sprawd\u017a, jakie to proste, zadzwo\u0144 do nas bezzw\u0142ocznie.<\/p>\n<h2>Pytania i odpowiedzi<\/h2>\n<div class=\"schema-faq-code\">\n<div class=\"faq-question\">\n<h3 class=\"faq-q\">Jacy s\u0105 pracownicy z Gruzji?<\/h3>\n<div>\n<p class=\"faq-a\">Wyr\u00f3\u017cniaj\u0105 si\u0119 otwarto\u015bci\u0105, sumienno\u015bci\u0105, \u017cyczliwo\u015bci\u0105, oddaniem, szczero\u015bci\u0105.<\/p>\n<\/div>\n<\/div>\n<div class=\"faq-question\">\n<h3 class=\"faq-q\">Czy \u0142atwo jest zatrudni\u0107 pracownik\u00f3w z Gruzji?<\/h3>\n<div>\n<p class=\"faq-a\">\u0141atwiej, ni\u017c Chinczyk\u00f3w, ale s\u0105 szczeg\u00f3\u0142y, kt\u00f3re trzeba bra\u0107 pod uwag\u0119. Je\u015bli wszystko jest ok, formalno\u015bci mog\u0105 zaj\u0105\u0107 do 2 tygodni.<\/p>\n<\/div>\n<\/div>\n<div class=\"faq-question\">\n<h3 class=\"faq-q\">Dlaczego pracownicy z Gruzji z agencji pracy s\u0105 dost\u0119pniejsi dla pracodawcy?<\/h3>\n<div>\n<p class=\"faq-a\">Bo wszystkie formalno\u015bci s\u0105 ju\u017c za\u0142atwione, przedsi\u0119biorca przejmuje pracownik\u00f3w, gotowych do pracy na teraz.<\/p>\n<\/div>\n<\/div>\n<\/div>\n","protected":false},"excerpt":{"rendered":"<p>&nbsp; Gruzini to trzecia narodowo\u015b\u0107 na li\u015bcie najbardziej licznych emigranckich wsp\u00f3lnot w Polsce. D\u0105\u017c\u0105 ku lepszemu, chc\u0105 pracowa\u0107. By\u0107 mo\u017ce w\u0142a\u015bnie dla Ciebie. Co wyr\u00f3\u017cnia pracownik\u00f3w z Gruzji w\u015br\u00f3d innych cudzoziemc\u00f3w i jak ich zatrudni\u0107 \u2013 o tym przeczytasz w naszym artykule.<\/p>\n","protected":false},"author":1,"featured_media":263,"parent":0,"menu_order":0,"comment_status":"closed","ping_status":"closed","template":"template\/contact.php","meta":{"footnotes":""},"acf":[],"yoast_head":"<!-- This site is optimized with the Yoast SEO plugin v21.9.1 - https:\/\/yoast.com\/wordpress\/plugins\/seo\/ -->\n<title>Pracownicy z Gruzji \u2013 dostarcza Work-In<\/title>\n<meta name=\"description\" content=\"Pracownicy z Gruzji s\u0105 nieocenieni wsz\u0119dzie, gdzie liczy si\u0119 sumienno\u015b\u0107 i zrozumienie. Dostarczymy dobr\u0105 kadr\u0119 dla Twojej firmy w najkr\u00f3tszym czasie.\" \/>\n<meta name=\"robots\" content=\"index, follow, max-snippet:-1, max-image-preview:large, max-video-preview:-1\" \/>\n<link rel=\"canonical\" href=\"https:\/\/work-in.com.pl\/en\/pracownicy-z-gruzji\/\" \/>\n<meta property=\"og:locale\" content=\"en_US\" \/>\n<meta property=\"og:type\" content=\"article\" \/>\n<meta property=\"og:title\" content=\"Pracownicy z Gruzji \u2013 dostarcza Work-In\" \/>\n<meta property=\"og:description\" content=\"Pracownicy z Gruzji s\u0105 nieocenieni wsz\u0119dzie, gdzie liczy si\u0119 sumienno\u015b\u0107 i zrozumienie. Dostarczymy dobr\u0105 kadr\u0119 dla Twojej firmy w najkr\u00f3tszym czasie.\" \/>\n<meta property=\"og:url\" content=\"https:\/\/work-in.com.pl\/en\/pracownicy-z-gruzji\/\" \/>\n<meta property=\"og:site_name\" content=\"krk-group\" \/>\n<meta property=\"article:modified_time\" content=\"2022-01-27T10:04:59+00:00\" \/>\n<meta property=\"og:image\" content=\"https:\/\/work-in.com.pl\/wp-content\/uploads\/2021\/07\/jackhammer-91101_1920.jpg\" \/>\n\t<meta property=\"og:image:width\" content=\"1920\" \/>\n\t<meta property=\"og:image:height\" content=\"1275\" \/>\n\t<meta property=\"og:image:type\" content=\"image\/jpeg\" \/>\n<meta name=\"twitter:card\" content=\"summary_large_image\" \/>\n<meta name=\"twitter:label1\" content=\"Est. reading time\" \/>\n\t<meta name=\"twitter:data1\" content=\"5 minutes\" \/>\n<script type=\"application\/ld+json\" class=\"yoast-schema-graph\">{\"@context\":\"https:\/\/schema.org\",\"@graph\":[{\"@type\":\"WebPage\",\"@id\":\"https:\/\/work-in.com.pl\/en\/pracownicy-z-gruzji\/\",\"url\":\"https:\/\/work-in.com.pl\/en\/pracownicy-z-gruzji\/\",\"name\":\"Pracownicy z Gruzji \u2013 dostarcza Work-In\",\"isPartOf\":{\"@id\":\"https:\/\/work-in.com.pl\/en\/#website\"},\"datePublished\":\"2021-07-26T12:39:28+00:00\",\"dateModified\":\"2022-01-27T10:04:59+00:00\",\"description\":\"Pracownicy z Gruzji s\u0105 nieocenieni wsz\u0119dzie, gdzie liczy si\u0119 sumienno\u015b\u0107 i zrozumienie. Dostarczymy dobr\u0105 kadr\u0119 dla Twojej firmy w najkr\u00f3tszym czasie.\",\"breadcrumb\":{\"@id\":\"https:\/\/work-in.com.pl\/en\/pracownicy-z-gruzji\/#breadcrumb\"},\"inLanguage\":\"en-US\",\"potentialAction\":[{\"@type\":\"ReadAction\",\"target\":[[\"https:\/\/work-in.com.pl\/en\/pracownicy-z-gruzji\/\"]]}]},{\"@type\":\"BreadcrumbList\",\"@id\":\"https:\/\/work-in.com.pl\/en\/pracownicy-z-gruzji\/#breadcrumb\",\"itemListElement\":[{\"@type\":\"ListItem\",\"position\":1,\"name\":\"\u0413\u043b\u0430\u0432\u043d\u0430\u044f \u0441\u0442\u0440\u0430\u043d\u0438\u0446\u0430\",\"item\":\"https:\/\/work-in.com.pl\/en\/\"},{\"@type\":\"ListItem\",\"position\":2,\"name\":\"Pracownicy z Gruzji \u2013 sumienno\u015b\u0107 i \u017cyczliwo\u015b\u0107 w Twoim zespole\"}]},{\"@type\":\"WebSite\",\"@id\":\"https:\/\/work-in.com.pl\/en\/#website\",\"url\":\"https:\/\/work-in.com.pl\/en\/\",\"name\":\"krk-group\",\"description\":\"Kolejna witryna\",\"publisher\":{\"@id\":\"https:\/\/work-in.com.pl\/en\/#organization\"},\"potentialAction\":[{\"@type\":\"SearchAction\",\"target\":{\"@type\":\"EntryPoint\",\"urlTemplate\":\"https:\/\/work-in.com.pl\/en\/?s={search_term_string}\"},\"query-input\":\"required name=search_term_string\"}],\"inLanguage\":\"en-US\"},{\"@type\":\"Organization\",\"@id\":\"https:\/\/work-in.com.pl\/en\/#organization\",\"name\":\"krk-group\",\"url\":\"https:\/\/work-in.com.pl\/en\/\",\"logo\":{\"@type\":\"ImageObject\",\"inLanguage\":\"en-US\",\"@id\":\"https:\/\/work-in.com.pl\/en\/#\/schema\/logo\/image\/\",\"url\":\"https:\/\/work-in.com.pl\/wp-content\/uploads\/2019\/05\/Workinn-1.svg\",\"contentUrl\":\"https:\/\/work-in.com.pl\/wp-content\/uploads\/2019\/05\/Workinn-1.svg\",\"width\":90,\"height\":19,\"caption\":\"krk-group\"},\"image\":{\"@id\":\"https:\/\/work-in.com.pl\/en\/#\/schema\/logo\/image\/\"}}]}<\/script>\n<!-- \/ Yoast SEO plugin. -->","yoast_head_json":{"title":"Pracownicy z Gruzji \u2013 dostarcza Work-In","description":"Pracownicy z Gruzji s\u0105 nieocenieni wsz\u0119dzie, gdzie liczy si\u0119 sumienno\u015b\u0107 i zrozumienie. Dostarczymy dobr\u0105 kadr\u0119 dla Twojej firmy w najkr\u00f3tszym czasie.","robots":{"index":"index","follow":"follow","max-snippet":"max-snippet:-1","max-image-preview":"max-image-preview:large","max-video-preview":"max-video-preview:-1"},"canonical":"https:\/\/work-in.com.pl\/en\/pracownicy-z-gruzji\/","og_locale":"en_US","og_type":"article","og_title":"Pracownicy z Gruzji \u2013 dostarcza Work-In","og_description":"Pracownicy z Gruzji s\u0105 nieocenieni wsz\u0119dzie, gdzie liczy si\u0119 sumienno\u015b\u0107 i zrozumienie. Dostarczymy dobr\u0105 kadr\u0119 dla Twojej firmy w najkr\u00f3tszym czasie.","og_url":"https:\/\/work-in.com.pl\/en\/pracownicy-z-gruzji\/","og_site_name":"krk-group","article_modified_time":"2022-01-27T10:04:59+00:00","og_image":[{"width":1920,"height":1275,"url":"https:\/\/work-in.com.pl\/wp-content\/uploads\/2021\/07\/jackhammer-91101_1920.jpg","type":"image\/jpeg"}],"twitter_card":"summary_large_image","twitter_misc":{"Est. reading time":"5 minutes"},"schema":{"@context":"https:\/\/schema.org","@graph":[{"@type":"WebPage","@id":"https:\/\/work-in.com.pl\/en\/pracownicy-z-gruzji\/","url":"https:\/\/work-in.com.pl\/en\/pracownicy-z-gruzji\/","name":"Pracownicy z Gruzji \u2013 dostarcza Work-In","isPartOf":{"@id":"https:\/\/work-in.com.pl\/en\/#website"},"datePublished":"2021-07-26T12:39:28+00:00","dateModified":"2022-01-27T10:04:59+00:00","description":"Pracownicy z Gruzji s\u0105 nieocenieni wsz\u0119dzie, gdzie liczy si\u0119 sumienno\u015b\u0107 i zrozumienie. Dostarczymy dobr\u0105 kadr\u0119 dla Twojej firmy w najkr\u00f3tszym czasie.","breadcrumb":{"@id":"https:\/\/work-in.com.pl\/en\/pracownicy-z-gruzji\/#breadcrumb"},"inLanguage":"en-US","potentialAction":[{"@type":"ReadAction","target":[["https:\/\/work-in.com.pl\/en\/pracownicy-z-gruzji\/"]]}]},{"@type":"BreadcrumbList","@id":"https:\/\/work-in.com.pl\/en\/pracownicy-z-gruzji\/#breadcrumb","itemListElement":[{"@type":"ListItem","position":1,"name":"\u0413\u043b\u0430\u0432\u043d\u0430\u044f \u0441\u0442\u0440\u0430\u043d\u0438\u0446\u0430","item":"https:\/\/work-in.com.pl\/en\/"},{"@type":"ListItem","position":2,"name":"Pracownicy z Gruzji \u2013 sumienno\u015b\u0107 i \u017cyczliwo\u015b\u0107 w Twoim zespole"}]},{"@type":"WebSite","@id":"https:\/\/work-in.com.pl\/en\/#website","url":"https:\/\/work-in.com.pl\/en\/","name":"krk-group","description":"Kolejna witryna","publisher":{"@id":"https:\/\/work-in.com.pl\/en\/#organization"},"potentialAction":[{"@type":"SearchAction","target":{"@type":"EntryPoint","urlTemplate":"https:\/\/work-in.com.pl\/en\/?s={search_term_string}"},"query-input":"required name=search_term_string"}],"inLanguage":"en-US"},{"@type":"Organization","@id":"https:\/\/work-in.com.pl\/en\/#organization","name":"krk-group","url":"https:\/\/work-in.com.pl\/en\/","logo":{"@type":"ImageObject","inLanguage":"en-US","@id":"https:\/\/work-in.com.pl\/en\/#\/schema\/logo\/image\/","url":"https:\/\/work-in.com.pl\/wp-content\/uploads\/2019\/05\/Workinn-1.svg","contentUrl":"https:\/\/work-in.com.pl\/wp-content\/uploads\/2019\/05\/Workinn-1.svg","width":90,"height":19,"caption":"krk-group"},"image":{"@id":"https:\/\/work-in.com.pl\/en\/#\/schema\/logo\/image\/"}}]}},"_links":{"self":[{"href":"https:\/\/work-in.com.pl\/en\/wp-json\/wp\/v2\/pages\/239"}],"collection":[{"href":"https:\/\/work-in.com.pl\/en\/wp-json\/wp\/v2\/pages"}],"about":[{"href":"https:\/\/work-in.com.pl\/en\/wp-json\/wp\/v2\/types\/page"}],"author":[{"embeddable":true,"href":"https:\/\/work-in.com.pl\/en\/wp-json\/wp\/v2\/users\/1"}],"replies":[{"embeddable":true,"href":"https:\/\/work-in.com.pl\/en\/wp-json\/wp\/v2\/comments?post=239"}],"version-history":[{"count":10,"href":"https:\/\/work-in.com.pl\/en\/wp-json\/wp\/v2\/pages\/239\/revisions"}],"predecessor-version":[{"id":452,"href":"https:\/\/work-in.com.pl\/en\/wp-json\/wp\/v2\/pages\/239\/revisions\/452"}],"wp:featuredmedia":[{"embeddable":true,"href":"https:\/\/work-in.com.pl\/en\/wp-json\/wp\/v2\/media\/263"}],"wp:attachment":[{"href":"https:\/\/work-in.com.pl\/en\/wp-json\/wp\/v2\/media?parent=239"}],"curies":[{"name":"wp","href":"https:\/\/api.w.org\/{rel}","templated":true}]}}