{"id":226,"date":"2021-06-30T11:47:45","date_gmt":"2021-06-30T09:47:45","guid":{"rendered":"https:\/\/work-in.com.pl\/?page_id=226"},"modified":"2022-01-27T11:14:36","modified_gmt":"2022-01-27T10:14:36","slug":"pracownicy-z-bialorusi","status":"publish","type":"page","link":"https:\/\/work-in.com.pl\/en\/pracownicy-z-bialorusi\/","title":{"rendered":"Pracownicy z Bia\u0142orusi \u2013 gotowi fachowcy na potrzeby Twojego biznesu"},"content":{"rendered":"<style>table, th, td {<br \/>  border: 1px solid black;<br \/>}<\/style>\n<p><img loading=\"lazy\" decoding=\"async\" class=\"aligncenter wp-image-210 size-large\" src=\"https:\/\/work-in.com.pl\/wp-content\/uploads\/2021\/06\/pexels-pixabay-159306-1024x683.jpg\" alt=\"Pracownicy.\" width=\"1024\" height=\"683\" srcset=\"https:\/\/work-in.com.pl\/wp-content\/uploads\/2021\/06\/pexels-pixabay-159306-1024x683.jpg 1024w, https:\/\/work-in.com.pl\/wp-content\/uploads\/2021\/06\/pexels-pixabay-159306-300x200.jpg 300w, https:\/\/work-in.com.pl\/wp-content\/uploads\/2021\/06\/pexels-pixabay-159306-768x512.jpg 768w\" sizes=\"(max-width: 1024px) 100vw, 1024px\" \/><\/p>\n<p>&nbsp;<\/p>\n<p>Bia\u0142orusini zajmuj\u0105 drug\u0105 pozycj\u0119 wed\u0142ug ilo\u015bci pracuj\u0105cych w Polsce obcokrajowc\u00f3w. Mo\u017ce Ci\u0119 to zaskoczy\u0107, ale <strong>pracownicy z\u00a0Bia\u0142orusi<\/strong>\u00a0maj\u0105 swoje charakterystyczne cechy w por\u00f3wnaniu z innymi cudzoziemskimi pracownikami.<\/p>\n<h2><strong>Pracownicy z Bia\u0142orusi<\/strong> \u2013 na co liczy\u0107<\/h2>\n<p>Przede wszystkim, <strong>pracownik z Bia\u0142orusi<\/strong> raczej nie b\u0119dzie 18-20-latkiem tu\u017c po szkole albo s\u0142u\u017cbie wojskowej, kt\u00f3ra jest w tym kraju obowi\u0105zuj\u0105ca dla pe\u0142noletnich m\u0119\u017cczyzn. Zwykle jest to cz\u0142owiek, przygotowany zawodowo, cz\u0119sto tak\u017ce ze sta\u017cem pracy fachowej.<\/p>\n<p>Dlatego kiedy <strong>pracownicy z Bia\u0142orusi szukaj\u0105 pracy<\/strong> w Polsce, to nie koniecznie zgadzaj\u0105 si\u0119 na roboty niekwalifikowane, nawet przy dobrym wynagrodzeniu. Poszukuj\u0105 konkretnie stanowiska, na kt\u00f3rym b\u0119d\u0105 mogli zrealizowa\u0107 swoje kompetencje i wykszta\u0142cenie.<\/p>\n<p>W naszym kraju ju\u017c mo\u017cna spotka\u0107 bia\u0142oruskich specjalist\u00f3w na do\u015b\u0107 <a href=\"https:\/\/work-in.com.pl\/pracownicy-z-bialorusi\/fizyczni\/\">wymagaj\u0105cych pracach<\/a>. Mi\u0119dzy innym w bran\u017cy <a href=\"https:\/\/work-in.com.pl\/pracownicy-z-bialorusi\/budowlani\/\">budowlan<\/a><a href=\"https:\/\/work-in.com.pl\/pracownicy-z-bialorusi\/budowlani\/\">ej<\/a>, medycznej, przemys\u0142owej, transportowej, <a href=\"https:\/\/work-in.com.pl\/pracownicy-z-bialorusi\/rolni\/\">rolnej<\/a>.<\/p>\n<p>Opr\u00f3cz tego, z regu\u0142y <strong>pracownik z Bia\u0142orusi szuka pracy<\/strong> nie <a href=\"https:\/\/work-in.com.pl\/pracownicy-z-bialorusi\/sezonowi\/\">sezonowej<\/a>, dora\u017anej czy tymczasowej, tylko bardziej sta\u0142ej. Ma intencj\u0119 zosta\u0107 w Polsce na d\u0142u\u017cej, ch\u0119tnie na zawsze. Dlatego te\u017c jego motywacja jest wysoka.<\/p>\n<p>Jedynym nierzadko spotykanym minusem mo\u017ce by\u0107 s\u0142aba znajomo\u015b\u0107 j\u0119zyka polskiego. Ale osoba, kt\u00f3ra potrafi\u0142a zdoby\u0107 fach, potrafi tak\u017ce oswoi\u0107 si\u0119 z now\u0105 terminologi\u0105 bran\u017cow\u0105.<\/p>\n<h2><strong>Pracownicy z Bia\u0142orusi<\/strong> \u2013 dlaczego z agencji<\/h2>\n<p>Ju\u017c wspomniana bariera j\u0119zykowa sama w sobie mo\u017ce utrudnia\u0107 znalezienie dobrego pracownika o bia\u0142oruskim pochodzeniu. Ale nie o to g\u0142\u00f3wnie chodzi. Niestety, w naszym \u015bwiecie nic si\u0119 nie dzieje bez papier\u00f3w. A przy zatrudnieniu pracownika, tym bardziej obcokrajowca, jest ich sporo.<\/p>\n<p>Najwa\u017cniejsze jest to, aby Tw\u00f3j pracownik przebywa\u0142 w Polsce legalnie. A wed\u0142ug niekt\u00f3rych szacunk\u00f3w nielegalnych bia\u0142oruskich go\u015bci w naszym kraju mo\u017ce by\u0107 mniej wi\u0119cej tyle samo, co legalnych. Czyli ryzyko wrobi\u0107 si\u0119 w k\u0142opoty z zatrudnieniem <strong>pracownik\u00f3w z Bia\u0142orusi<\/strong> stanowi oko\u0142o 50\u00a0%.<\/p>\n<p>Natomiast zatrudniaj\u0105c ich przez agencj\u0119, jeste\u015b pewien, \u017ce maj\u0105:<\/p>\n<ul>\n<li>podstawy legalnego pobytu w Polsce;<\/li>\n<li>zezwolenie na legaln\u0105 prac\u0119 u nas w kraju;<\/li>\n<li>kompetencje i inne cechy, kt\u00f3rych wymagasz od kandydat\u00f3w.<\/li>\n<\/ul>\n<p>Prowadzimy ca\u0142y proces rekrutacji i selekcji, a ponadto za\u0142atwiamy BHP, badania lekarskie, zamieszkanie i reszt\u0119 organizacyjnych kwestii. A Ty masz na czas gotowych fachowc\u00f3w \u2013 bez \u017cadnych k\u0142opot\u00f3w.<\/p>\n<h2>Pytania i odpowiedzi<\/h2>\n<div class=\"schema-faq-code\">\n<div class=\"faq-question\">\n<h3 class=\"faq-q\">Czym r\u00f3\u017cni si\u0119 od innych obcokrajowc\u00f3w pracownik z Bia\u0142orusi?<\/h3>\n<div>\n<p class=\"faq-a\">Ma fach, cz\u0119sto te\u017c sta\u017c, szuka pracy w zawodzie i na d\u0142u\u017cszy okres, chce zosta\u0107 w Polsce, mo\u017ce nie zna\u0107 j\u0119zyka.<\/p>\n<\/div>\n<\/div>\n<div class=\"faq-question\">\n<h3 class=\"faq-q\">Pracownicy z Bia\u0142orusi \u2013 jakie s\u0105 ryzyka przy ich zatrudnieniu?<\/h3>\n<div>\n<p class=\"faq-a\">Najwi\u0119ksze \u2013 trafi\u0107 na osob\u0119 z nielegalnym pobytem. Zanim zatrudnisz, b\u0119dziesz musia\u0142 zawraca\u0107 sobie g\u0142ow\u0119 legalizacj\u0105.<\/p>\n<\/div>\n<\/div>\n<div class=\"faq-question\">\n<h3 class=\"faq-q\">W jakich bran\u017cach pracownicy z Bia\u0142orusi szukaj\u0105 pracy?<\/h3>\n<div>\n<p class=\"faq-a\">Najcz\u0119\u015bciej pracuj\u0105 na budowie, w przemy\u015ble, transporcie i medycynie. S\u0105 w\u015br\u00f3d nich elektrycy, hydraulicy, mechanicy itd.<\/p>\n<\/div>\n<\/div>\n<\/div>\n","protected":false},"excerpt":{"rendered":"<p>&nbsp; Bia\u0142orusini zajmuj\u0105 drug\u0105 pozycj\u0119 wed\u0142ug ilo\u015bci pracuj\u0105cych w Polsce obcokrajowc\u00f3w. Mo\u017ce Ci\u0119 to zaskoczy\u0107, ale pracownicy z\u00a0Bia\u0142orusi\u00a0maj\u0105 swoje charakterystyczne cechy w por\u00f3wnaniu z innymi cudzoziemskimi pracownikami. Pracownicy z Bia\u0142orusi \u2013 na co liczy\u0107 Przede wszystkim, pracownik z Bia\u0142orusi raczej nie b\u0119dzie 18-20-latkiem tu\u017c po szkole albo s\u0142u\u017cbie wojskowej, kt\u00f3ra jest w tym kraju obowi\u0105zuj\u0105ca [&hellip;]<\/p>\n","protected":false},"author":1,"featured_media":210,"parent":0,"menu_order":0,"comment_status":"closed","ping_status":"closed","template":"template\/contact.php","meta":{"footnotes":""},"acf":[],"yoast_head":"<!-- This site is optimized with the Yoast SEO plugin v21.9.1 - https:\/\/yoast.com\/wordpress\/plugins\/seo\/ -->\n<title>Pracownicy z Bia\u0142orusi \u2013 Work-In pomo\u017ce w zatrudnieniu<\/title>\n<meta name=\"description\" content=\"Pracownicy z Bia\u0142orusi szukaj\u0105 pracy, by\u0107 mo\u017ce w\u0142a\u015bnie tej, kt\u00f3r\u0105 oferujesz. Wsp\u00f3\u0142pracuj\u0105cy u nas pracownicy z Bia\u0142orusi s\u0105 gotowi do roboty, a my \u2013 do pomocy w ich zatrudnieniu.\" \/>\n<meta name=\"robots\" content=\"index, follow, max-snippet:-1, max-image-preview:large, max-video-preview:-1\" \/>\n<link rel=\"canonical\" href=\"https:\/\/work-in.com.pl\/en\/pracownicy-z-bialorusi\/\" \/>\n<meta property=\"og:locale\" content=\"en_US\" \/>\n<meta property=\"og:type\" content=\"article\" \/>\n<meta property=\"og:title\" content=\"Pracownicy z Bia\u0142orusi \u2013 Work-In pomo\u017ce w zatrudnieniu\" \/>\n<meta property=\"og:description\" content=\"Pracownicy z Bia\u0142orusi szukaj\u0105 pracy, by\u0107 mo\u017ce w\u0142a\u015bnie tej, kt\u00f3r\u0105 oferujesz. Wsp\u00f3\u0142pracuj\u0105cy u nas pracownicy z Bia\u0142orusi s\u0105 gotowi do roboty, a my \u2013 do pomocy w ich zatrudnieniu.\" \/>\n<meta property=\"og:url\" content=\"https:\/\/work-in.com.pl\/en\/pracownicy-z-bialorusi\/\" \/>\n<meta property=\"og:site_name\" content=\"krk-group\" \/>\n<meta property=\"article:modified_time\" content=\"2022-01-27T10:14:36+00:00\" \/>\n<meta property=\"og:image\" content=\"https:\/\/work-in.com.pl\/wp-content\/uploads\/2021\/06\/pexels-pixabay-159306.jpg\" \/>\n\t<meta property=\"og:image:width\" content=\"4608\" \/>\n\t<meta property=\"og:image:height\" content=\"3072\" \/>\n\t<meta property=\"og:image:type\" content=\"image\/jpeg\" \/>\n<meta name=\"twitter:card\" content=\"summary_large_image\" \/>\n<meta name=\"twitter:label1\" content=\"Est. reading time\" \/>\n\t<meta name=\"twitter:data1\" content=\"3 minutes\" \/>\n<script type=\"application\/ld+json\" class=\"yoast-schema-graph\">{\"@context\":\"https:\/\/schema.org\",\"@graph\":[{\"@type\":\"WebPage\",\"@id\":\"https:\/\/work-in.com.pl\/en\/pracownicy-z-bialorusi\/\",\"url\":\"https:\/\/work-in.com.pl\/en\/pracownicy-z-bialorusi\/\",\"name\":\"Pracownicy z Bia\u0142orusi \u2013 Work-In pomo\u017ce w zatrudnieniu\",\"isPartOf\":{\"@id\":\"https:\/\/work-in.com.pl\/en\/#website\"},\"datePublished\":\"2021-06-30T09:47:45+00:00\",\"dateModified\":\"2022-01-27T10:14:36+00:00\",\"description\":\"Pracownicy z Bia\u0142orusi szukaj\u0105 pracy, by\u0107 mo\u017ce w\u0142a\u015bnie tej, kt\u00f3r\u0105 oferujesz. Wsp\u00f3\u0142pracuj\u0105cy u nas pracownicy z Bia\u0142orusi s\u0105 gotowi do roboty, a my \u2013 do pomocy w ich zatrudnieniu.\",\"breadcrumb\":{\"@id\":\"https:\/\/work-in.com.pl\/en\/pracownicy-z-bialorusi\/#breadcrumb\"},\"inLanguage\":\"en-US\",\"potentialAction\":[{\"@type\":\"ReadAction\",\"target\":[[\"https:\/\/work-in.com.pl\/en\/pracownicy-z-bialorusi\/\"]]}]},{\"@type\":\"BreadcrumbList\",\"@id\":\"https:\/\/work-in.com.pl\/en\/pracownicy-z-bialorusi\/#breadcrumb\",\"itemListElement\":[{\"@type\":\"ListItem\",\"position\":1,\"name\":\"\u0413\u043b\u0430\u0432\u043d\u0430\u044f \u0441\u0442\u0440\u0430\u043d\u0438\u0446\u0430\",\"item\":\"https:\/\/work-in.com.pl\/en\/\"},{\"@type\":\"ListItem\",\"position\":2,\"name\":\"Pracownicy z Bia\u0142orusi \u2013 gotowi fachowcy na potrzeby Twojego biznesu\"}]},{\"@type\":\"WebSite\",\"@id\":\"https:\/\/work-in.com.pl\/en\/#website\",\"url\":\"https:\/\/work-in.com.pl\/en\/\",\"name\":\"krk-group\",\"description\":\"Kolejna witryna\",\"publisher\":{\"@id\":\"https:\/\/work-in.com.pl\/en\/#organization\"},\"potentialAction\":[{\"@type\":\"SearchAction\",\"target\":{\"@type\":\"EntryPoint\",\"urlTemplate\":\"https:\/\/work-in.com.pl\/en\/?s={search_term_string}\"},\"query-input\":\"required name=search_term_string\"}],\"inLanguage\":\"en-US\"},{\"@type\":\"Organization\",\"@id\":\"https:\/\/work-in.com.pl\/en\/#organization\",\"name\":\"krk-group\",\"url\":\"https:\/\/work-in.com.pl\/en\/\",\"logo\":{\"@type\":\"ImageObject\",\"inLanguage\":\"en-US\",\"@id\":\"https:\/\/work-in.com.pl\/en\/#\/schema\/logo\/image\/\",\"url\":\"https:\/\/work-in.com.pl\/wp-content\/uploads\/2019\/05\/Workinn-1.svg\",\"contentUrl\":\"https:\/\/work-in.com.pl\/wp-content\/uploads\/2019\/05\/Workinn-1.svg\",\"width\":90,\"height\":19,\"caption\":\"krk-group\"},\"image\":{\"@id\":\"https:\/\/work-in.com.pl\/en\/#\/schema\/logo\/image\/\"}}]}<\/script>\n<!-- \/ Yoast SEO plugin. -->","yoast_head_json":{"title":"Pracownicy z Bia\u0142orusi \u2013 Work-In pomo\u017ce w zatrudnieniu","description":"Pracownicy z Bia\u0142orusi szukaj\u0105 pracy, by\u0107 mo\u017ce w\u0142a\u015bnie tej, kt\u00f3r\u0105 oferujesz. Wsp\u00f3\u0142pracuj\u0105cy u nas pracownicy z Bia\u0142orusi s\u0105 gotowi do roboty, a my \u2013 do pomocy w ich zatrudnieniu.","robots":{"index":"index","follow":"follow","max-snippet":"max-snippet:-1","max-image-preview":"max-image-preview:large","max-video-preview":"max-video-preview:-1"},"canonical":"https:\/\/work-in.com.pl\/en\/pracownicy-z-bialorusi\/","og_locale":"en_US","og_type":"article","og_title":"Pracownicy z Bia\u0142orusi \u2013 Work-In pomo\u017ce w zatrudnieniu","og_description":"Pracownicy z Bia\u0142orusi szukaj\u0105 pracy, by\u0107 mo\u017ce w\u0142a\u015bnie tej, kt\u00f3r\u0105 oferujesz. Wsp\u00f3\u0142pracuj\u0105cy u nas pracownicy z Bia\u0142orusi s\u0105 gotowi do roboty, a my \u2013 do pomocy w ich zatrudnieniu.","og_url":"https:\/\/work-in.com.pl\/en\/pracownicy-z-bialorusi\/","og_site_name":"krk-group","article_modified_time":"2022-01-27T10:14:36+00:00","og_image":[{"width":4608,"height":3072,"url":"https:\/\/work-in.com.pl\/wp-content\/uploads\/2021\/06\/pexels-pixabay-159306.jpg","type":"image\/jpeg"}],"twitter_card":"summary_large_image","twitter_misc":{"Est. reading time":"3 minutes"},"schema":{"@context":"https:\/\/schema.org","@graph":[{"@type":"WebPage","@id":"https:\/\/work-in.com.pl\/en\/pracownicy-z-bialorusi\/","url":"https:\/\/work-in.com.pl\/en\/pracownicy-z-bialorusi\/","name":"Pracownicy z Bia\u0142orusi \u2013 Work-In pomo\u017ce w zatrudnieniu","isPartOf":{"@id":"https:\/\/work-in.com.pl\/en\/#website"},"datePublished":"2021-06-30T09:47:45+00:00","dateModified":"2022-01-27T10:14:36+00:00","description":"Pracownicy z Bia\u0142orusi szukaj\u0105 pracy, by\u0107 mo\u017ce w\u0142a\u015bnie tej, kt\u00f3r\u0105 oferujesz. Wsp\u00f3\u0142pracuj\u0105cy u nas pracownicy z Bia\u0142orusi s\u0105 gotowi do roboty, a my \u2013 do pomocy w ich zatrudnieniu.","breadcrumb":{"@id":"https:\/\/work-in.com.pl\/en\/pracownicy-z-bialorusi\/#breadcrumb"},"inLanguage":"en-US","potentialAction":[{"@type":"ReadAction","target":[["https:\/\/work-in.com.pl\/en\/pracownicy-z-bialorusi\/"]]}]},{"@type":"BreadcrumbList","@id":"https:\/\/work-in.com.pl\/en\/pracownicy-z-bialorusi\/#breadcrumb","itemListElement":[{"@type":"ListItem","position":1,"name":"\u0413\u043b\u0430\u0432\u043d\u0430\u044f \u0441\u0442\u0440\u0430\u043d\u0438\u0446\u0430","item":"https:\/\/work-in.com.pl\/en\/"},{"@type":"ListItem","position":2,"name":"Pracownicy z Bia\u0142orusi \u2013 gotowi fachowcy na potrzeby Twojego biznesu"}]},{"@type":"WebSite","@id":"https:\/\/work-in.com.pl\/en\/#website","url":"https:\/\/work-in.com.pl\/en\/","name":"krk-group","description":"Kolejna witryna","publisher":{"@id":"https:\/\/work-in.com.pl\/en\/#organization"},"potentialAction":[{"@type":"SearchAction","target":{"@type":"EntryPoint","urlTemplate":"https:\/\/work-in.com.pl\/en\/?s={search_term_string}"},"query-input":"required name=search_term_string"}],"inLanguage":"en-US"},{"@type":"Organization","@id":"https:\/\/work-in.com.pl\/en\/#organization","name":"krk-group","url":"https:\/\/work-in.com.pl\/en\/","logo":{"@type":"ImageObject","inLanguage":"en-US","@id":"https:\/\/work-in.com.pl\/en\/#\/schema\/logo\/image\/","url":"https:\/\/work-in.com.pl\/wp-content\/uploads\/2019\/05\/Workinn-1.svg","contentUrl":"https:\/\/work-in.com.pl\/wp-content\/uploads\/2019\/05\/Workinn-1.svg","width":90,"height":19,"caption":"krk-group"},"image":{"@id":"https:\/\/work-in.com.pl\/en\/#\/schema\/logo\/image\/"}}]}},"_links":{"self":[{"href":"https:\/\/work-in.com.pl\/en\/wp-json\/wp\/v2\/pages\/226"}],"collection":[{"href":"https:\/\/work-in.com.pl\/en\/wp-json\/wp\/v2\/pages"}],"about":[{"href":"https:\/\/work-in.com.pl\/en\/wp-json\/wp\/v2\/types\/page"}],"author":[{"embeddable":true,"href":"https:\/\/work-in.com.pl\/en\/wp-json\/wp\/v2\/users\/1"}],"replies":[{"embeddable":true,"href":"https:\/\/work-in.com.pl\/en\/wp-json\/wp\/v2\/comments?post=226"}],"version-history":[{"count":10,"href":"https:\/\/work-in.com.pl\/en\/wp-json\/wp\/v2\/pages\/226\/revisions"}],"predecessor-version":[{"id":460,"href":"https:\/\/work-in.com.pl\/en\/wp-json\/wp\/v2\/pages\/226\/revisions\/460"}],"wp:featuredmedia":[{"embeddable":true,"href":"https:\/\/work-in.com.pl\/en\/wp-json\/wp\/v2\/media\/210"}],"wp:attachment":[{"href":"https:\/\/work-in.com.pl\/en\/wp-json\/wp\/v2\/media?parent=226"}],"curies":[{"name":"wp","href":"https:\/\/api.w.org\/{rel}","templated":true}]}}